{"id":115,"date":"2021-11-18T15:09:40","date_gmt":"2021-11-18T15:09:40","guid":{"rendered":"https:\/\/laligue78.org\/?page_id=115"},"modified":"2024-12-05T11:11:28","modified_gmt":"2024-12-05T11:11:28","slug":"bafa","status":"publish","type":"page","link":"https:\/\/laligue78.org\/index.php\/bafa\/","title":{"rendered":"BAFA &#8211; BAFD"},"content":{"rendered":"\t\t<div data-elementor-type=\"wp-page\" data-elementor-id=\"115\" class=\"elementor elementor-115\">\n\t\t\t\t\t\t<section class=\"elementor-section elementor-top-section elementor-element elementor-element-4b50ece8 elementor-section-boxed elementor-section-height-default elementor-section-height-default\" data-id=\"4b50ece8\" data-element_type=\"section\" data-e-type=\"section\">\n\t\t\t\t\t\t<div class=\"elementor-container elementor-column-gap-default\">\n\t\t\t\t\t<div class=\"elementor-column elementor-col-66 elementor-top-column elementor-element elementor-element-326317fb\" data-id=\"326317fb\" data-element_type=\"column\" data-e-type=\"column\">\n\t\t\t<div class=\"elementor-widget-wrap elementor-element-populated\">\n\t\t\t\t\t\t<div class=\"elementor-element elementor-element-36a5d8f elementor-widget elementor-widget-image\" data-id=\"36a5d8f\" data-element_type=\"widget\" data-e-type=\"widget\" data-widget_type=\"image.default\">\n\t\t\t\t<div class=\"elementor-widget-container\">\n\t\t\t\t\t\t\t\t\t\t\t\t\t\t\t<img fetchpriority=\"high\" decoding=\"async\" width=\"1024\" height=\"266\" src=\"https:\/\/laligue78.org\/wp-content\/uploads\/2023\/06\/Capture-decran-2023-06-23-a-22.35.47-1024x266.png\" class=\"attachment-large size-large wp-image-8798\" alt=\"\" srcset=\"https:\/\/laligue78.org\/wp-content\/uploads\/2023\/06\/Capture-decran-2023-06-23-a-22.35.47-1024x266.png 1024w, https:\/\/laligue78.org\/wp-content\/uploads\/2023\/06\/Capture-decran-2023-06-23-a-22.35.47-300x78.png 300w, https:\/\/laligue78.org\/wp-content\/uploads\/2023\/06\/Capture-decran-2023-06-23-a-22.35.47-768x199.png 768w, https:\/\/laligue78.org\/wp-content\/uploads\/2023\/06\/Capture-decran-2023-06-23-a-22.35.47-1536x399.png 1536w, https:\/\/laligue78.org\/wp-content\/uploads\/2023\/06\/Capture-decran-2023-06-23-a-22.35.47-610x158.png 610w, https:\/\/laligue78.org\/wp-content\/uploads\/2023\/06\/Capture-decran-2023-06-23-a-22.35.47.png 1734w\" sizes=\"(max-width: 1024px) 100vw, 1024px\" \/>\t\t\t\t\t\t\t\t\t\t\t\t\t\t\t<\/div>\n\t\t\t\t<\/div>\n\t\t\t\t<div class=\"elementor-element elementor-element-51843b6c elementor-widget elementor-widget-text-editor\" data-id=\"51843b6c\" data-element_type=\"widget\" data-e-type=\"widget\" data-widget_type=\"text-editor.default\">\n\t\t\t\t<div class=\"elementor-widget-container\">\n\t\t\t\t\t\t\t\t\t<p style=\"box-sizing: inherit; border: 0px; font-size: 15px; margin-right: 0px; margin-bottom: 1.6em; margin-left: 0px; outline: 0px; padding: 0px; vertical-align: baseline; caret-color: #4b4f58; color: #4b4f58; font-family: -apple-system, BlinkMacSystemFont, 'Segoe UI', Roboto, Oxygen-Sans, Ubuntu, Cantarell, 'Helvetica Neue', sans-serif;\">Passer son BAFA (Brevet d\u2019Aptitude aux Fonctions d\u2019Animateur) ou son BAFD (Brevet d\u2019Aptitude aux Fonctions de Directeur) c\u2019est, pour le stagiaire, un moyen de s\u2019engager au service des vacances et des loisirs \u00e9ducatifs des enfants et des jeunes.<\/p><p style=\"box-sizing: inherit; border: 0px; font-size: 15px; margin-right: 0px; margin-bottom: 1.6em; margin-left: 0px; outline: 0px; padding: 0px; vertical-align: baseline; caret-color: #4b4f58; color: #4b4f58; font-family: -apple-system, BlinkMacSystemFont, 'Segoe UI', Roboto, Oxygen-Sans, Ubuntu, Cantarell, 'Helvetica Neue', sans-serif;\">Le BAFA\u00b7BAFD forme \u00e0 l\u2019animation volontaire. Au sein de nos formations, les stagiaires vont pouvoir acqu\u00e9rir les techniques n\u00e9cessaires \u00e0 la conduite d\u2019activit\u00e9s avec un groupe d\u2019enfants et assimiler les r\u00e8gles et aptitudes indispensables pour assurer la s\u00e9curit\u00e9 physique et morale de ceux-ci. Mais c\u2019est aussi, pour le\u00b7a stagiaire, une d\u00e9marche vers une prise de responsabilit\u00e9, une inscription dans un parcours \u00e9ducatif et pour les plus jeunes, une transition entre l\u2019adolescence et l\u2019\u00e2ge adulte.<\/p>\t\t\t\t\t\t\t\t<\/div>\n\t\t\t\t<\/div>\n\t\t\t\t<div class=\"elementor-element elementor-element-6896520 elementor-widget elementor-widget-image\" data-id=\"6896520\" data-element_type=\"widget\" data-e-type=\"widget\" data-widget_type=\"image.default\">\n\t\t\t\t<div class=\"elementor-widget-container\">\n\t\t\t\t\t\t\t\t\t\t\t\t\t\t\t<img decoding=\"async\" width=\"729\" height=\"1024\" src=\"https:\/\/laligue78.org\/wp-content\/uploads\/2024\/12\/le_bafa_cest_quoi-729x1024.jpg\" class=\"attachment-large size-large wp-image-9479\" alt=\"\" srcset=\"https:\/\/laligue78.org\/wp-content\/uploads\/2024\/12\/le_bafa_cest_quoi-729x1024.jpg 729w, https:\/\/laligue78.org\/wp-content\/uploads\/2024\/12\/le_bafa_cest_quoi-214x300.jpg 214w, https:\/\/laligue78.org\/wp-content\/uploads\/2024\/12\/le_bafa_cest_quoi-768x1078.jpg 768w, https:\/\/laligue78.org\/wp-content\/uploads\/2024\/12\/le_bafa_cest_quoi.jpg 909w\" sizes=\"(max-width: 729px) 100vw, 729px\" \/>\t\t\t\t\t\t\t\t\t\t\t\t\t\t\t<\/div>\n\t\t\t\t<\/div>\n\t\t\t\t<div class=\"elementor-element elementor-element-6a439b0 elementor-widget elementor-widget-spacer\" data-id=\"6a439b0\" data-element_type=\"widget\" data-e-type=\"widget\" data-widget_type=\"spacer.default\">\n\t\t\t\t<div class=\"elementor-widget-container\">\n\t\t\t\t\t\t\t<div class=\"elementor-spacer\">\n\t\t\t<div class=\"elementor-spacer-inner\"><\/div>\n\t\t<\/div>\n\t\t\t\t\t\t<\/div>\n\t\t\t\t<\/div>\n\t\t\t\t<div class=\"elementor-element elementor-element-243bc94 elementor-align-center elementor-widget elementor-widget-button\" data-id=\"243bc94\" data-element_type=\"widget\" data-e-type=\"widget\" data-widget_type=\"button.default\">\n\t\t\t\t<div class=\"elementor-widget-container\">\n\t\t\t\t\t\t\t\t\t<div class=\"elementor-button-wrapper\">\n\t\t\t\t\t<a class=\"elementor-button elementor-button-link elementor-size-sm\" href=\"https:\/\/formation-bafa-bafd.org\/rechercher-un-stage\/?_sft_product-federation=yvelines-78\">\n\t\t\t\t\t\t<span class=\"elementor-button-content-wrapper\">\n\t\t\t\t\t\t\t\t\t<span class=\"elementor-button-text\">Nos prochaines sessions de formation BAFA\u00b7D<\/span>\n\t\t\t\t\t<\/span>\n\t\t\t\t\t<\/a>\n\t\t\t\t<\/div>\n\t\t\t\t\t\t\t\t<\/div>\n\t\t\t\t<\/div>\n\t\t\t\t<div class=\"elementor-element elementor-element-58b2bec0 elementor-widget-divider--view-line elementor-widget elementor-widget-divider\" data-id=\"58b2bec0\" data-element_type=\"widget\" data-e-type=\"widget\" data-widget_type=\"divider.default\">\n\t\t\t\t<div class=\"elementor-widget-container\">\n\t\t\t\t\t\t\t<div class=\"elementor-divider\">\n\t\t\t<span class=\"elementor-divider-separator\">\n\t\t\t\t\t\t<\/span>\n\t\t<\/div>\n\t\t\t\t\t\t<\/div>\n\t\t\t\t<\/div>\n\t\t\t\t<div class=\"elementor-element elementor-element-47908d36 elementor-widget elementor-widget-heading\" data-id=\"47908d36\" data-element_type=\"widget\" data-e-type=\"widget\" data-widget_type=\"heading.default\">\n\t\t\t\t<div class=\"elementor-widget-container\">\n\t\t\t\t\t<h2 class=\"elementor-heading-title elementor-size-default\"><span class=\"elementor-heading-title elementor-size-default elementor-inline-editing pen\" data-elementor-setting-key=\"title\" data-pen-placeholder=\"\u00c9crivez ici...\" style=\"margin-bottom: 0.5em;font-family: Roboto, sans-serif;font-weight: 600;font-size: 20px\">Contactez l'USEP 78 :<\/span><\/h2>\t\t\t\t<\/div>\n\t\t\t\t<\/div>\n\t\t\t\t<section class=\"elementor-section elementor-inner-section elementor-element elementor-element-13735d7 elementor-section-boxed elementor-section-height-default elementor-section-height-default\" data-id=\"13735d7\" data-element_type=\"section\" data-e-type=\"section\">\n\t\t\t\t\t\t<div class=\"elementor-container elementor-column-gap-default\">\n\t\t\t\t\t<div class=\"elementor-column elementor-col-50 elementor-inner-column elementor-element elementor-element-18ee213e\" data-id=\"18ee213e\" data-element_type=\"column\" data-e-type=\"column\">\n\t\t\t<div class=\"elementor-widget-wrap elementor-element-populated\">\n\t\t\t\t\t\t<div class=\"elementor-element elementor-element-6fc461e9 elementor-align-start elementor-icon-list--layout-traditional elementor-list-item-link-full_width elementor-widget elementor-widget-icon-list\" data-id=\"6fc461e9\" data-element_type=\"widget\" data-e-type=\"widget\" data-widget_type=\"icon-list.default\">\n\t\t\t\t<div class=\"elementor-widget-container\">\n\t\t\t\t\t\t\t<ul class=\"elementor-icon-list-items\">\n\t\t\t\t\t\t\t<li class=\"elementor-icon-list-item\">\n\t\t\t\t\t\t\t\t\t\t\t<span class=\"elementor-icon-list-icon\">\n\t\t\t\t\t\t\t<i aria-hidden=\"true\" class=\"fas fa-home\"><\/i>\t\t\t\t\t\t<\/span>\n\t\t\t\t\t\t\t\t\t\t<span class=\"elementor-icon-list-text\">2 rue Georges Lapierre<\/span>\n\t\t\t\t\t\t\t\t\t<\/li>\n\t\t\t\t\t\t\t\t<li class=\"elementor-icon-list-item\">\n\t\t\t\t\t\t\t\t\t\t\t<span class=\"elementor-icon-list-icon\">\n\t\t\t\t\t\t\t<i aria-hidden=\"true\" class=\"fas fa-phone\"><\/i>\t\t\t\t\t\t<\/span>\n\t\t\t\t\t\t\t\t\t\t<span class=\"elementor-icon-list-text\">01 30 13 06 06<br><\/span>\n\t\t\t\t\t\t\t\t\t<\/li>\n\t\t\t\t\t\t<\/ul>\n\t\t\t\t\t\t<\/div>\n\t\t\t\t<\/div>\n\t\t\t\t\t<\/div>\n\t\t<\/div>\n\t\t\t\t<div class=\"elementor-column elementor-col-50 elementor-inner-column elementor-element elementor-element-4e1aa77b\" data-id=\"4e1aa77b\" data-element_type=\"column\" data-e-type=\"column\">\n\t\t\t<div class=\"elementor-widget-wrap elementor-element-populated\">\n\t\t\t\t\t\t<div class=\"elementor-element elementor-element-6e752953 elementor-icon-list--layout-traditional elementor-list-item-link-full_width elementor-widget elementor-widget-icon-list\" data-id=\"6e752953\" data-element_type=\"widget\" data-e-type=\"widget\" data-widget_type=\"icon-list.default\">\n\t\t\t\t<div class=\"elementor-widget-container\">\n\t\t\t\t\t\t\t<ul class=\"elementor-icon-list-items\">\n\t\t\t\t\t\t\t<li class=\"elementor-icon-list-item\">\n\t\t\t\t\t\t\t\t\t\t\t<a href=\"http:\/\/www.laligue78.org\">\n\n\t\t\t\t\t\t\t\t\t\t\t\t<span class=\"elementor-icon-list-icon\">\n\t\t\t\t\t\t\t<i aria-hidden=\"true\" class=\"fas fa-globe\"><\/i>\t\t\t\t\t\t<\/span>\n\t\t\t\t\t\t\t\t\t\t<span class=\"elementor-icon-list-text\">www.laligue78.org<\/span>\n\t\t\t\t\t\t\t\t\t\t\t<\/a>\n\t\t\t\t\t\t\t\t\t<\/li>\n\t\t\t\t\t\t\t\t<li class=\"elementor-icon-list-item\">\n\t\t\t\t\t\t\t\t\t\t\t<a href=\"http:\/\/contact@laligue78.org\u200b\">\n\n\t\t\t\t\t\t\t\t\t\t\t\t<span class=\"elementor-icon-list-icon\">\n\t\t\t\t\t\t\t<i aria-hidden=\"true\" class=\"fas fa-at\"><\/i>\t\t\t\t\t\t<\/span>\n\t\t\t\t\t\t\t\t\t\t<span class=\"elementor-icon-list-text\">contact@laligue78.org<\/span>\n\t\t\t\t\t\t\t\t\t\t\t<\/a>\n\t\t\t\t\t\t\t\t\t<\/li>\n\t\t\t\t\t\t<\/ul>\n\t\t\t\t\t\t<\/div>\n\t\t\t\t<\/div>\n\t\t\t\t\t<\/div>\n\t\t<\/div>\n\t\t\t\t\t<\/div>\n\t\t<\/section>\n\t\t\t\t\t<\/div>\n\t\t<\/div>\n\t\t\t\t<div class=\"elementor-column elementor-col-33 elementor-top-column elementor-element elementor-element-19778bef\" data-id=\"19778bef\" data-element_type=\"column\" data-e-type=\"column\">\n\t\t\t<div class=\"elementor-widget-wrap elementor-element-populated\">\n\t\t\t\t\t\t<div class=\"elementor-element elementor-element-da82ec7 elementor-widget elementor-widget-spacer\" data-id=\"da82ec7\" data-element_type=\"widget\" data-e-type=\"widget\" data-widget_type=\"spacer.default\">\n\t\t\t\t<div class=\"elementor-widget-container\">\n\t\t\t\t\t\t\t<div class=\"elementor-spacer\">\n\t\t\t<div class=\"elementor-spacer-inner\"><\/div>\n\t\t<\/div>\n\t\t\t\t\t\t<\/div>\n\t\t\t\t<\/div>\n\t\t\t\t\t<\/div>\n\t\t<\/div>\n\t\t\t\t\t<\/div>\n\t\t<\/section>\n\t\t\t\t<section class=\"elementor-section elementor-top-section elementor-element elementor-element-cab093b elementor-section-boxed elementor-section-height-default elementor-section-height-default\" data-id=\"cab093b\" data-element_type=\"section\" data-e-type=\"section\">\n\t\t\t\t\t\t<div class=\"elementor-container elementor-column-gap-default\">\n\t\t\t\t\t<div class=\"elementor-column elementor-col-100 elementor-top-column elementor-element elementor-element-e42aa10\" data-id=\"e42aa10\" data-element_type=\"column\" data-e-type=\"column\">\n\t\t\t<div class=\"elementor-widget-wrap elementor-element-populated\">\n\t\t\t\t\t\t<div class=\"elementor-element elementor-element-ea89dbd elementor-widget elementor-widget-spacer\" data-id=\"ea89dbd\" data-element_type=\"widget\" data-e-type=\"widget\" data-widget_type=\"spacer.default\">\n\t\t\t\t<div class=\"elementor-widget-container\">\n\t\t\t\t\t\t\t<div class=\"elementor-spacer\">\n\t\t\t<div class=\"elementor-spacer-inner\"><\/div>\n\t\t<\/div>\n\t\t\t\t\t\t<\/div>\n\t\t\t\t<\/div>\n\t\t\t\t\t<\/div>\n\t\t<\/div>\n\t\t\t\t\t<\/div>\n\t\t<\/section>\n\t\t\t\t<\/div>\n\t\t","protected":false},"excerpt":{"rendered":"<p>Passer son BAFA (Brevet d\u2019Aptitude aux Fonctions d\u2019Animateur) ou son BAFD (Brevet d\u2019Aptitude aux Fonctions de Directeur) c\u2019est, pour le stagiaire, un moyen de s\u2019engager au service des vacances et des loisirs \u00e9ducatifs des enfants et des jeunes. Le BAFA\u00b7BAFD forme \u00e0 l\u2019animation volontaire. Au sein de nos formations, les stagiaires vont pouvoir acqu\u00e9rir les&#8230;<\/p>\n","protected":false},"author":3,"featured_media":0,"parent":0,"menu_order":0,"comment_status":"closed","ping_status":"closed","template":"","meta":{"_kad_post_transparent":"","_kad_post_title":"","_kad_post_layout":"","_kad_post_sidebar_id":"","_kad_post_content_style":"","_kad_post_vertical_padding":"","_kad_post_feature":"","_kad_post_feature_position":"","_kad_post_header":false,"_kad_post_footer":false,"_kad_post_classname":"","footnotes":""},"class_list":["post-115","page","type-page","status-publish","hentry"],"yoast_head":"<!-- This site is optimized with the Yoast SEO plugin v27.2 - https:\/\/yoast.com\/product\/yoast-seo-wordpress\/ -->\n<title>BAFA - BAFD -<\/title>\n<meta name=\"robots\" content=\"index, follow, max-snippet:-1, max-image-preview:large, max-video-preview:-1\" \/>\n<link rel=\"canonical\" href=\"https:\/\/laligue78.org\/index.php\/bafa\/\" \/>\n<meta property=\"og:locale\" content=\"fr_FR\" \/>\n<meta property=\"og:type\" content=\"article\" \/>\n<meta property=\"og:title\" content=\"BAFA - BAFD -\" \/>\n<meta property=\"og:description\" content=\"Passer son BAFA (Brevet d\u2019Aptitude aux Fonctions d\u2019Animateur) ou son BAFD (Brevet d\u2019Aptitude aux Fonctions de Directeur) c\u2019est, pour le stagiaire, un moyen de s\u2019engager au service des vacances et des loisirs \u00e9ducatifs des enfants et des jeunes. Le BAFA\u00b7BAFD forme \u00e0 l\u2019animation volontaire. Au sein de nos formations, les stagiaires vont pouvoir acqu\u00e9rir les...\" \/>\n<meta property=\"og:url\" content=\"https:\/\/laligue78.org\/index.php\/bafa\/\" \/>\n<meta property=\"article:modified_time\" content=\"2024-12-05T11:11:28+00:00\" \/>\n<meta property=\"og:image\" content=\"https:\/\/laligue78.org\/wp-content\/uploads\/2023\/06\/Capture-decran-2023-06-23-a-22.35.47.png\" \/>\n\t<meta property=\"og:image:width\" content=\"1734\" \/>\n\t<meta property=\"og:image:height\" content=\"450\" \/>\n\t<meta property=\"og:image:type\" content=\"image\/png\" \/>\n<meta name=\"twitter:card\" content=\"summary_large_image\" \/>\n<meta name=\"twitter:label1\" content=\"Dur\u00e9e de lecture estim\u00e9e\" \/>\n\t<meta name=\"twitter:data1\" content=\"2 minutes\" \/>\n<script type=\"application\/ld+json\" class=\"yoast-schema-graph\">{\"@context\":\"https:\/\/schema.org\",\"@graph\":[{\"@type\":\"WebPage\",\"@id\":\"https:\/\/laligue78.org\/index.php\/bafa\/\",\"url\":\"https:\/\/laligue78.org\/index.php\/bafa\/\",\"name\":\"BAFA - BAFD -\",\"isPartOf\":{\"@id\":\"https:\/\/laligue78.org\/#website\"},\"primaryImageOfPage\":{\"@id\":\"https:\/\/laligue78.org\/index.php\/bafa\/#primaryimage\"},\"image\":{\"@id\":\"https:\/\/laligue78.org\/index.php\/bafa\/#primaryimage\"},\"thumbnailUrl\":\"https:\/\/laligue78.org\/wp-content\/uploads\/2023\/06\/Capture-decran-2023-06-23-a-22.35.47-1024x266.png\",\"datePublished\":\"2021-11-18T15:09:40+00:00\",\"dateModified\":\"2024-12-05T11:11:28+00:00\",\"breadcrumb\":{\"@id\":\"https:\/\/laligue78.org\/index.php\/bafa\/#breadcrumb\"},\"inLanguage\":\"fr-FR\",\"potentialAction\":[{\"@type\":\"ReadAction\",\"target\":[\"https:\/\/laligue78.org\/index.php\/bafa\/\"]}]},{\"@type\":\"ImageObject\",\"inLanguage\":\"fr-FR\",\"@id\":\"https:\/\/laligue78.org\/index.php\/bafa\/#primaryimage\",\"url\":\"https:\/\/laligue78.org\/wp-content\/uploads\/2023\/06\/Capture-decran-2023-06-23-a-22.35.47.png\",\"contentUrl\":\"https:\/\/laligue78.org\/wp-content\/uploads\/2023\/06\/Capture-decran-2023-06-23-a-22.35.47.png\",\"width\":1734,\"height\":450},{\"@type\":\"BreadcrumbList\",\"@id\":\"https:\/\/laligue78.org\/index.php\/bafa\/#breadcrumb\",\"itemListElement\":[{\"@type\":\"ListItem\",\"position\":1,\"name\":\"Accueil\",\"item\":\"https:\/\/laligue78.org\/\"},{\"@type\":\"ListItem\",\"position\":2,\"name\":\"BAFA &#8211; BAFD\"}]},{\"@type\":\"WebSite\",\"@id\":\"https:\/\/laligue78.org\/#website\",\"url\":\"https:\/\/laligue78.org\/\",\"name\":\"\",\"description\":\"S&#039;associer est une force ! \",\"potentialAction\":[{\"@type\":\"SearchAction\",\"target\":{\"@type\":\"EntryPoint\",\"urlTemplate\":\"https:\/\/laligue78.org\/?s={search_term_string}\"},\"query-input\":{\"@type\":\"PropertyValueSpecification\",\"valueRequired\":true,\"valueName\":\"search_term_string\"}}],\"inLanguage\":\"fr-FR\"}]}<\/script>\n<!-- \/ Yoast SEO plugin. -->","yoast_head_json":{"title":"BAFA - BAFD -","robots":{"index":"index","follow":"follow","max-snippet":"max-snippet:-1","max-image-preview":"max-image-preview:large","max-video-preview":"max-video-preview:-1"},"canonical":"https:\/\/laligue78.org\/index.php\/bafa\/","og_locale":"fr_FR","og_type":"article","og_title":"BAFA - BAFD -","og_description":"Passer son BAFA (Brevet d\u2019Aptitude aux Fonctions d\u2019Animateur) ou son BAFD (Brevet d\u2019Aptitude aux Fonctions de Directeur) c\u2019est, pour le stagiaire, un moyen de s\u2019engager au service des vacances et des loisirs \u00e9ducatifs des enfants et des jeunes. Le BAFA\u00b7BAFD forme \u00e0 l\u2019animation volontaire. Au sein de nos formations, les stagiaires vont pouvoir acqu\u00e9rir les...","og_url":"https:\/\/laligue78.org\/index.php\/bafa\/","article_modified_time":"2024-12-05T11:11:28+00:00","og_image":[{"width":1734,"height":450,"url":"https:\/\/laligue78.org\/wp-content\/uploads\/2023\/06\/Capture-decran-2023-06-23-a-22.35.47.png","type":"image\/png"}],"twitter_card":"summary_large_image","twitter_misc":{"Dur\u00e9e de lecture estim\u00e9e":"2 minutes"},"schema":{"@context":"https:\/\/schema.org","@graph":[{"@type":"WebPage","@id":"https:\/\/laligue78.org\/index.php\/bafa\/","url":"https:\/\/laligue78.org\/index.php\/bafa\/","name":"BAFA - BAFD -","isPartOf":{"@id":"https:\/\/laligue78.org\/#website"},"primaryImageOfPage":{"@id":"https:\/\/laligue78.org\/index.php\/bafa\/#primaryimage"},"image":{"@id":"https:\/\/laligue78.org\/index.php\/bafa\/#primaryimage"},"thumbnailUrl":"https:\/\/laligue78.org\/wp-content\/uploads\/2023\/06\/Capture-decran-2023-06-23-a-22.35.47-1024x266.png","datePublished":"2021-11-18T15:09:40+00:00","dateModified":"2024-12-05T11:11:28+00:00","breadcrumb":{"@id":"https:\/\/laligue78.org\/index.php\/bafa\/#breadcrumb"},"inLanguage":"fr-FR","potentialAction":[{"@type":"ReadAction","target":["https:\/\/laligue78.org\/index.php\/bafa\/"]}]},{"@type":"ImageObject","inLanguage":"fr-FR","@id":"https:\/\/laligue78.org\/index.php\/bafa\/#primaryimage","url":"https:\/\/laligue78.org\/wp-content\/uploads\/2023\/06\/Capture-decran-2023-06-23-a-22.35.47.png","contentUrl":"https:\/\/laligue78.org\/wp-content\/uploads\/2023\/06\/Capture-decran-2023-06-23-a-22.35.47.png","width":1734,"height":450},{"@type":"BreadcrumbList","@id":"https:\/\/laligue78.org\/index.php\/bafa\/#breadcrumb","itemListElement":[{"@type":"ListItem","position":1,"name":"Accueil","item":"https:\/\/laligue78.org\/"},{"@type":"ListItem","position":2,"name":"BAFA &#8211; BAFD"}]},{"@type":"WebSite","@id":"https:\/\/laligue78.org\/#website","url":"https:\/\/laligue78.org\/","name":"","description":"S&#039;associer est une force ! ","potentialAction":[{"@type":"SearchAction","target":{"@type":"EntryPoint","urlTemplate":"https:\/\/laligue78.org\/?s={search_term_string}"},"query-input":{"@type":"PropertyValueSpecification","valueRequired":true,"valueName":"search_term_string"}}],"inLanguage":"fr-FR"}]}},"_links":{"self":[{"href":"https:\/\/laligue78.org\/index.php\/wp-json\/wp\/v2\/pages\/115","targetHints":{"allow":["GET"]}}],"collection":[{"href":"https:\/\/laligue78.org\/index.php\/wp-json\/wp\/v2\/pages"}],"about":[{"href":"https:\/\/laligue78.org\/index.php\/wp-json\/wp\/v2\/types\/page"}],"author":[{"embeddable":true,"href":"https:\/\/laligue78.org\/index.php\/wp-json\/wp\/v2\/users\/3"}],"replies":[{"embeddable":true,"href":"https:\/\/laligue78.org\/index.php\/wp-json\/wp\/v2\/comments?post=115"}],"version-history":[{"count":36,"href":"https:\/\/laligue78.org\/index.php\/wp-json\/wp\/v2\/pages\/115\/revisions"}],"predecessor-version":[{"id":9482,"href":"https:\/\/laligue78.org\/index.php\/wp-json\/wp\/v2\/pages\/115\/revisions\/9482"}],"wp:attachment":[{"href":"https:\/\/laligue78.org\/index.php\/wp-json\/wp\/v2\/media?parent=115"}],"curies":[{"name":"wp","href":"https:\/\/api.w.org\/{rel}","templated":true}]}}