{"id":119,"date":"2021-11-18T15:09:40","date_gmt":"2021-11-18T15:09:40","guid":{"rendered":"https:\/\/laligue78.org\/?page_id=119"},"modified":"2023-06-23T20:20:54","modified_gmt":"2023-06-23T20:20:54","slug":"ufolep","status":"publish","type":"page","link":"https:\/\/laligue78.org\/index.php\/ufolep\/","title":{"rendered":"UFOLEP"},"content":{"rendered":"\t\t<div data-elementor-type=\"wp-page\" data-elementor-id=\"119\" class=\"elementor elementor-119\">\n\t\t\t\t\t\t<section class=\"elementor-section elementor-top-section elementor-element elementor-element-5ff62da5 elementor-section-boxed elementor-section-height-default elementor-section-height-default\" data-id=\"5ff62da5\" data-element_type=\"section\" data-e-type=\"section\">\n\t\t\t\t\t\t<div class=\"elementor-container elementor-column-gap-default\">\n\t\t\t\t\t<div class=\"elementor-column elementor-col-66 elementor-top-column elementor-element elementor-element-d07dbaa\" data-id=\"d07dbaa\" data-element_type=\"column\" data-e-type=\"column\">\n\t\t\t<div class=\"elementor-widget-wrap elementor-element-populated\">\n\t\t\t\t\t\t<div class=\"elementor-element elementor-element-4a0a31d elementor-widget elementor-widget-image-gallery\" data-id=\"4a0a31d\" data-element_type=\"widget\" data-e-type=\"widget\" data-widget_type=\"image-gallery.default\">\n\t\t\t\t<div class=\"elementor-widget-container\">\n\t\t\t\t\t\t\t<div class=\"elementor-image-gallery\">\n\t\t\t<div id='gallery-1' class='gallery galleryid-119 gallery-columns-1 gallery-size-medium'><figure class='gallery-item'>\n\t\t\t<div class='gallery-icon landscape'>\n\t\t\t\t<img fetchpriority=\"high\" decoding=\"async\" width=\"300\" height=\"241\" src=\"https:\/\/laligue78.org\/wp-content\/uploads\/2023\/06\/Capture-1-300x241.png\" class=\"attachment-medium size-medium\" alt=\"\" srcset=\"https:\/\/laligue78.org\/wp-content\/uploads\/2023\/06\/Capture-1-300x241.png 300w, https:\/\/laligue78.org\/wp-content\/uploads\/2023\/06\/Capture-1.png 331w\" sizes=\"(max-width: 300px) 100vw, 300px\" \/>\n\t\t\t<\/div><\/figure>\n\t\t<\/div>\n\t\t<\/div>\n\t\t\t\t\t\t<\/div>\n\t\t\t\t<\/div>\n\t\t\t\t<div class=\"elementor-element elementor-element-3edd05dd elementor-widget elementor-widget-text-editor\" data-id=\"3edd05dd\" data-element_type=\"widget\" data-e-type=\"widget\" data-widget_type=\"text-editor.default\">\n\t\t\t\t<div class=\"elementor-widget-container\">\n\t\t\t\t\t\t\t\t\t<p style=\"text-align: left;\"><span style=\"font-family: var(--global-body-font-family);\">1\u00e9re F\u00e9d\u00e9ration affinitaire Multisport agr\u00e9e par le Minist\u00e8re des Sports et membre du Comit\u00e9 National Olympique Sportif Fran\u00e7ais<\/span><\/p><p style=\"text-align: left;\"><strong style=\"color: var( --e-global-color-text ); font-family: var( --e-global-typography-text-font-family ), Sans-serif;\">\u00ab\u00a0Tous les Sports Autrement \u00bb<\/strong><span style=\"color: var( --e-global-color-text ); font-family: var( --e-global-typography-text-font-family ), Sans-serif;\">, c\u2019est bien l\u00e0 l\u2019expression de pratiques sportives se d\u00e9marquant fortement des mod\u00e8les traditionnels \u00e0 forte coloration \u00ab\u00a0haut niveau\u00a0\u00bb et \u00ab\u00a0spectacle\u00a0\u00bb. Le sport, oui mais pas en tant que finalit\u00e9\u00a0! Le Sport comme moyen d\u2019\u00e9panouissement du citoyen dans sa globalit\u00e9\u00a0!<\/span><\/p><div class=\"page\" title=\"Page 26\"><div class=\"layoutArea\"><div class=\"column\"><div class=\"elementor-element elementor-element-56844a96 elementor-widget elementor-widget-text-editor\" style=\"--flex-direction: initial; --flex-wrap: initial; --justify-content: initial; --align-items: initial; --align-content: initial; --gap: initial; --flex-basis: initial; --flex-grow: initial; --flex-shrink: initial; --order: initial; --align-self: initial; gap: var(--gap); --swiper-theme-color: #000; --swiper-navigation-size: 44px; --swiper-pagination-bullet-size: 6px; --swiper-pagination-bullet-horizontal-gap: 6px; --widgets-spacing: 20px;\" data-id=\"56844a96\" data-element_type=\"widget\" data-widget_type=\"text-editor.default\"><div class=\"elementor-widget-container\" style=\"transition: background 0.3s,border 0.3s,border-radius 0.3s,box-shadow 0.3s,transform var(--e-transform-transition-duration,0.4s);\"><p>Secteur sportif de la Ligue de l\u2019Enseignement 90 ans d\u2019engagement et d\u2019expertise dans l\u2019univers du sport loisir et plein air.<br \/>Des activit\u00e9s sportives conviviales, adapt\u00e9es pour tous les \u00e2ges et tous les niveaux, dans\u00a0<strong>le respect de l\u2019autre<\/strong>\u00a0et la pr\u00e9servation de\u00a0<strong>la sant\u00e9<\/strong>\u00a0et de\u00a0<strong>l\u2019environnement<\/strong>.<\/p><p>Acteur Incontournable du sport service de l\u2019Education, du Loisir et de la Solidarit\u00e9.<br \/><strong>Multi-activit\u00e9<\/strong>, dans des \u00e9quipements sportifs diff\u00e9rents, seul, en couple, en famille, avec des amis, sont autant de types de pratique en plein essor car correspondant parfaitement aux besoins de l\u2019individu dans son cadre de vie actuel.<\/p><p><strong>\u00ab\u00a0Le sport pour tous\u00a0\u00bb<\/strong>\u00a0que nous v\u00e9hiculons n\u2019est pas qu\u2019un vecteur de loisir et de d\u00e9tente, il est aussi un outil de promotion individuelle, d\u2019int\u00e9gration sociale et professionnelle autant qu\u2019un espace de solidarit\u00e9 et d\u2019espoir. Etendre l\u2019accessibilit\u00e9 aux personnes \u00e0 mobilit\u00e9 r\u00e9duite, rapprocher les personnes \u00e9loign\u00e9es vers des structures communes proches ne sont que quelque-unes de nos actions.<\/p><\/div><\/div><\/div><\/div><\/div><div class=\"elementor-element elementor-element-7e3de926 elementor-widget elementor-widget-text-editor\" style=\"--flex-direction: initial; --flex-wrap: initial; --justify-content: initial; --align-items: initial; --align-content: initial; --gap: initial; --flex-basis: initial; --flex-grow: initial; --flex-shrink: initial; --order: initial; --align-self: initial; gap: var(--gap); --swiper-theme-color: #000; --swiper-navigation-size: 44px; --swiper-pagination-bullet-size: 6px; --swiper-pagination-bullet-horizontal-gap: 6px; --widgets-spacing: 20px; color: #7a7a7a; font-family: Roboto, sans-serif;\" data-id=\"7e3de926\" data-element_type=\"widget\" data-widget_type=\"text-editor.default\"><div class=\"elementor-widget-container\" style=\"transition: background 0.3s,border 0.3s,border-radius 0.3s,box-shadow 0.3s,transform var(--e-transform-transition-duration,0.4s);\"><p class=\"has-text-align-center has-background\"><span style=\"color: #e02b20;\"><strong>Plus de 360 000 Licenci\u00e9s \u2013 Plus de 8000 associations \u2013 130 activit\u00e9s sportives<\/strong>\u00a0<\/span><br \/><a href=\"https:\/\/ufolep78.box.com\/s\/vv09oa44kuqx2wp5tr9mxnc2ejpemybf\" target=\"_blank\" rel=\"noopener\">T\u00e9l\u00e9chargez leur plaquette<\/a><\/p><p class=\"has-text-align-center has-background\" style=\"text-align: left;\"><strong>Leurs missions<br \/><\/strong>(Premier interlocuteur \u00e0 consulter pour toute information)<\/p><\/div><div class=\"elementor-widget-container\" style=\"transition: background 0.3s,border 0.3s,border-radius 0.3s,box-shadow 0.3s,transform var(--e-transform-transition-duration,0.4s);\"><ul style=\"list-style-position: outside; list-style-type: disc;\"><li>Accompagner les associations affili\u00e9es<\/li><li>Apporter des conseils et informations utiles\u00a0<\/li><li>D\u00e9livrer les licences\u00a0<\/li><li>Organiser et coordonner les activit\u00e9s sportives du d\u00e9partement\u00a0<\/li><li>Assurer la liaison avec les activit\u00e9s r\u00e9gionales et\/ou nationales\u00a0<\/li><li>Assurer le suivi des formations\u00a0<\/li><li>\u00catre \u00e0 votre \u00e9coute<\/li><\/ul><\/div><\/div>\t\t\t\t\t\t\t\t<\/div>\n\t\t\t\t<\/div>\n\t\t\t\t<div class=\"elementor-element elementor-element-3d641756 elementor-widget-divider--view-line elementor-widget elementor-widget-divider\" data-id=\"3d641756\" data-element_type=\"widget\" data-e-type=\"widget\" data-widget_type=\"divider.default\">\n\t\t\t\t<div class=\"elementor-widget-container\">\n\t\t\t\t\t\t\t<div class=\"elementor-divider\">\n\t\t\t<span class=\"elementor-divider-separator\">\n\t\t\t\t\t\t<\/span>\n\t\t<\/div>\n\t\t\t\t\t\t<\/div>\n\t\t\t\t<\/div>\n\t\t\t\t<div class=\"elementor-element elementor-element-5919cb6d elementor-widget elementor-widget-heading\" data-id=\"5919cb6d\" data-element_type=\"widget\" data-e-type=\"widget\" data-widget_type=\"heading.default\">\n\t\t\t\t<div class=\"elementor-widget-container\">\n\t\t\t\t\t<h2 class=\"elementor-heading-title elementor-size-default\"><span class=\"elementor-heading-title elementor-size-default elementor-inline-editing pen\" data-elementor-setting-key=\"title\" data-pen-placeholder=\"\u00c9crivez ici...\" style=\"margin-bottom: 0.5em;font-family: Roboto, sans-serif;font-weight: 600;font-size: 20px\">Contactez l'UFOLEP 78 :<\/span><\/h2>\t\t\t\t<\/div>\n\t\t\t\t<\/div>\n\t\t\t\t<section class=\"elementor-section elementor-inner-section elementor-element elementor-element-4ea18764 elementor-section-boxed elementor-section-height-default elementor-section-height-default\" data-id=\"4ea18764\" data-element_type=\"section\" data-e-type=\"section\">\n\t\t\t\t\t\t<div class=\"elementor-container elementor-column-gap-default\">\n\t\t\t\t\t<div class=\"elementor-column elementor-col-50 elementor-inner-column elementor-element elementor-element-703b8fca\" data-id=\"703b8fca\" data-element_type=\"column\" data-e-type=\"column\">\n\t\t\t<div class=\"elementor-widget-wrap elementor-element-populated\">\n\t\t\t\t\t\t<div class=\"elementor-element elementor-element-7f818ffe elementor-align-start elementor-icon-list--layout-traditional elementor-list-item-link-full_width elementor-widget elementor-widget-icon-list\" data-id=\"7f818ffe\" data-element_type=\"widget\" data-e-type=\"widget\" data-widget_type=\"icon-list.default\">\n\t\t\t\t<div class=\"elementor-widget-container\">\n\t\t\t\t\t\t\t<ul class=\"elementor-icon-list-items\">\n\t\t\t\t\t\t\t<li class=\"elementor-icon-list-item\">\n\t\t\t\t\t\t\t\t\t\t\t<span class=\"elementor-icon-list-icon\">\n\t\t\t\t\t\t\t<i aria-hidden=\"true\" class=\"fas fa-home\"><\/i>\t\t\t\t\t\t<\/span>\n\t\t\t\t\t\t\t\t\t\t<span class=\"elementor-icon-list-text\">2 rue Georges Lapierre<\/span>\n\t\t\t\t\t\t\t\t\t<\/li>\n\t\t\t\t\t\t\t\t<li class=\"elementor-icon-list-item\">\n\t\t\t\t\t\t\t\t\t\t\t<span class=\"elementor-icon-list-icon\">\n\t\t\t\t\t\t\t<i aria-hidden=\"true\" class=\"fas fa-phone\"><\/i>\t\t\t\t\t\t<\/span>\n\t\t\t\t\t\t\t\t\t\t<span class=\"elementor-icon-list-text\">01 30 54 71 53<\/span>\n\t\t\t\t\t\t\t\t\t<\/li>\n\t\t\t\t\t\t<\/ul>\n\t\t\t\t\t\t<\/div>\n\t\t\t\t<\/div>\n\t\t\t\t\t<\/div>\n\t\t<\/div>\n\t\t\t\t<div class=\"elementor-column elementor-col-50 elementor-inner-column elementor-element elementor-element-7f41e631\" data-id=\"7f41e631\" data-element_type=\"column\" data-e-type=\"column\">\n\t\t\t<div class=\"elementor-widget-wrap elementor-element-populated\">\n\t\t\t\t\t\t<div class=\"elementor-element elementor-element-172c0c59 elementor-icon-list--layout-traditional elementor-list-item-link-full_width elementor-widget elementor-widget-icon-list\" data-id=\"172c0c59\" data-element_type=\"widget\" data-e-type=\"widget\" data-widget_type=\"icon-list.default\">\n\t\t\t\t<div class=\"elementor-widget-container\">\n\t\t\t\t\t\t\t<ul class=\"elementor-icon-list-items\">\n\t\t\t\t\t\t\t<li class=\"elementor-icon-list-item\">\n\t\t\t\t\t\t\t\t\t\t\t<a href=\"http:\/\/www.ufolep78.org\u200b\">\n\n\t\t\t\t\t\t\t\t\t\t\t\t<span class=\"elementor-icon-list-icon\">\n\t\t\t\t\t\t\t<i aria-hidden=\"true\" class=\"fas fa-globe\"><\/i>\t\t\t\t\t\t<\/span>\n\t\t\t\t\t\t\t\t\t\t<span class=\"elementor-icon-list-text\">https:\/\/www.ufolep78.org<\/span>\n\t\t\t\t\t\t\t\t\t\t\t<\/a>\n\t\t\t\t\t\t\t\t\t<\/li>\n\t\t\t\t\t\t\t\t<li class=\"elementor-icon-list-item\">\n\t\t\t\t\t\t\t\t\t\t\t<a href=\"http:\/\/contact@ufolep78.org\u200b\">\n\n\t\t\t\t\t\t\t\t\t\t\t\t<span class=\"elementor-icon-list-icon\">\n\t\t\t\t\t\t\t<i aria-hidden=\"true\" class=\"fas fa-at\"><\/i>\t\t\t\t\t\t<\/span>\n\t\t\t\t\t\t\t\t\t\t<span class=\"elementor-icon-list-text\">contact@ufolep78.org<\/span>\n\t\t\t\t\t\t\t\t\t\t\t<\/a>\n\t\t\t\t\t\t\t\t\t<\/li>\n\t\t\t\t\t\t<\/ul>\n\t\t\t\t\t\t<\/div>\n\t\t\t\t<\/div>\n\t\t\t\t\t<\/div>\n\t\t<\/div>\n\t\t\t\t\t<\/div>\n\t\t<\/section>\n\t\t\t\t\t<\/div>\n\t\t<\/div>\n\t\t\t\t<div class=\"elementor-column elementor-col-33 elementor-top-column elementor-element elementor-element-31f85364\" data-id=\"31f85364\" data-element_type=\"column\" data-e-type=\"column\">\n\t\t\t<div class=\"elementor-widget-wrap\">\n\t\t\t\t\t\t\t<\/div>\n\t\t<\/div>\n\t\t\t\t\t<\/div>\n\t\t<\/section>\n\t\t\t\t<section class=\"elementor-section elementor-top-section elementor-element elementor-element-4e36f027 elementor-section-boxed elementor-section-height-default elementor-section-height-default\" data-id=\"4e36f027\" data-element_type=\"section\" data-e-type=\"section\">\n\t\t\t\t\t\t<div class=\"elementor-container elementor-column-gap-default\">\n\t\t\t\t\t<div class=\"elementor-column elementor-col-100 elementor-top-column elementor-element elementor-element-36cb2f06\" data-id=\"36cb2f06\" data-element_type=\"column\" data-e-type=\"column\">\n\t\t\t<div class=\"elementor-widget-wrap\">\n\t\t\t\t\t\t\t<\/div>\n\t\t<\/div>\n\t\t\t\t\t<\/div>\n\t\t<\/section>\n\t\t\t\t<\/div>\n\t\t","protected":false},"excerpt":{"rendered":"<p>1\u00e9re F\u00e9d\u00e9ration affinitaire Multisport agr\u00e9e par le Minist\u00e8re des Sports et membre du Comit\u00e9 National Olympique Sportif Fran\u00e7ais \u00ab\u00a0Tous les Sports Autrement \u00bb, c\u2019est bien l\u00e0 l\u2019expression de pratiques sportives se d\u00e9marquant fortement des mod\u00e8les traditionnels \u00e0 forte coloration \u00ab\u00a0haut niveau\u00a0\u00bb et \u00ab\u00a0spectacle\u00a0\u00bb. Le sport, oui mais pas en tant que finalit\u00e9\u00a0! Le Sport comme&#8230;<\/p>\n","protected":false},"author":3,"featured_media":0,"parent":0,"menu_order":0,"comment_status":"closed","ping_status":"closed","template":"","meta":{"_kad_post_transparent":"","_kad_post_title":"","_kad_post_layout":"","_kad_post_sidebar_id":"","_kad_post_content_style":"","_kad_post_vertical_padding":"","_kad_post_feature":"","_kad_post_feature_position":"","_kad_post_header":false,"_kad_post_footer":false,"_kad_post_classname":"","footnotes":""},"class_list":["post-119","page","type-page","status-publish","hentry"],"yoast_head":"<!-- This site is optimized with the Yoast SEO plugin v27.2 - https:\/\/yoast.com\/product\/yoast-seo-wordpress\/ -->\n<title>UFOLEP -<\/title>\n<meta name=\"robots\" content=\"index, follow, max-snippet:-1, max-image-preview:large, max-video-preview:-1\" \/>\n<link rel=\"canonical\" href=\"https:\/\/laligue78.org\/index.php\/ufolep\/\" \/>\n<meta property=\"og:locale\" content=\"fr_FR\" \/>\n<meta property=\"og:type\" content=\"article\" \/>\n<meta property=\"og:title\" content=\"UFOLEP -\" \/>\n<meta property=\"og:description\" content=\"1\u00e9re F\u00e9d\u00e9ration affinitaire Multisport agr\u00e9e par le Minist\u00e8re des Sports et membre du Comit\u00e9 National Olympique Sportif Fran\u00e7ais \u00ab\u00a0Tous les Sports Autrement \u00bb, c\u2019est bien l\u00e0 l\u2019expression de pratiques sportives se d\u00e9marquant fortement des mod\u00e8les traditionnels \u00e0 forte coloration \u00ab\u00a0haut niveau\u00a0\u00bb et \u00ab\u00a0spectacle\u00a0\u00bb. Le sport, oui mais pas en tant que finalit\u00e9\u00a0! Le Sport comme...\" \/>\n<meta property=\"og:url\" content=\"https:\/\/laligue78.org\/index.php\/ufolep\/\" \/>\n<meta property=\"article:modified_time\" content=\"2023-06-23T20:20:54+00:00\" \/>\n<meta property=\"og:image\" content=\"https:\/\/laligue78.org\/wp-content\/uploads\/2023\/06\/Capture-1-300x241.png\" \/>\n<meta name=\"twitter:card\" content=\"summary_large_image\" \/>\n<meta name=\"twitter:label1\" content=\"Dur\u00e9e de lecture estim\u00e9e\" \/>\n\t<meta name=\"twitter:data1\" content=\"3 minutes\" \/>\n<script type=\"application\/ld+json\" class=\"yoast-schema-graph\">{\"@context\":\"https:\/\/schema.org\",\"@graph\":[{\"@type\":\"WebPage\",\"@id\":\"https:\/\/laligue78.org\/index.php\/ufolep\/\",\"url\":\"https:\/\/laligue78.org\/index.php\/ufolep\/\",\"name\":\"UFOLEP -\",\"isPartOf\":{\"@id\":\"https:\/\/laligue78.org\/#website\"},\"primaryImageOfPage\":{\"@id\":\"https:\/\/laligue78.org\/index.php\/ufolep\/#primaryimage\"},\"image\":{\"@id\":\"https:\/\/laligue78.org\/index.php\/ufolep\/#primaryimage\"},\"thumbnailUrl\":\"https:\/\/laligue78.org\/wp-content\/uploads\/2023\/06\/Capture-1-300x241.png\",\"datePublished\":\"2021-11-18T15:09:40+00:00\",\"dateModified\":\"2023-06-23T20:20:54+00:00\",\"breadcrumb\":{\"@id\":\"https:\/\/laligue78.org\/index.php\/ufolep\/#breadcrumb\"},\"inLanguage\":\"fr-FR\",\"potentialAction\":[{\"@type\":\"ReadAction\",\"target\":[\"https:\/\/laligue78.org\/index.php\/ufolep\/\"]}]},{\"@type\":\"ImageObject\",\"inLanguage\":\"fr-FR\",\"@id\":\"https:\/\/laligue78.org\/index.php\/ufolep\/#primaryimage\",\"url\":\"https:\/\/laligue78.org\/wp-content\/uploads\/2023\/06\/Capture-1.png\",\"contentUrl\":\"https:\/\/laligue78.org\/wp-content\/uploads\/2023\/06\/Capture-1.png\",\"width\":331,\"height\":266},{\"@type\":\"BreadcrumbList\",\"@id\":\"https:\/\/laligue78.org\/index.php\/ufolep\/#breadcrumb\",\"itemListElement\":[{\"@type\":\"ListItem\",\"position\":1,\"name\":\"Accueil\",\"item\":\"https:\/\/laligue78.org\/\"},{\"@type\":\"ListItem\",\"position\":2,\"name\":\"UFOLEP\"}]},{\"@type\":\"WebSite\",\"@id\":\"https:\/\/laligue78.org\/#website\",\"url\":\"https:\/\/laligue78.org\/\",\"name\":\"\",\"description\":\"S&#039;associer est une force ! \",\"potentialAction\":[{\"@type\":\"SearchAction\",\"target\":{\"@type\":\"EntryPoint\",\"urlTemplate\":\"https:\/\/laligue78.org\/?s={search_term_string}\"},\"query-input\":{\"@type\":\"PropertyValueSpecification\",\"valueRequired\":true,\"valueName\":\"search_term_string\"}}],\"inLanguage\":\"fr-FR\"}]}<\/script>\n<!-- \/ Yoast SEO plugin. -->","yoast_head_json":{"title":"UFOLEP -","robots":{"index":"index","follow":"follow","max-snippet":"max-snippet:-1","max-image-preview":"max-image-preview:large","max-video-preview":"max-video-preview:-1"},"canonical":"https:\/\/laligue78.org\/index.php\/ufolep\/","og_locale":"fr_FR","og_type":"article","og_title":"UFOLEP -","og_description":"1\u00e9re F\u00e9d\u00e9ration affinitaire Multisport agr\u00e9e par le Minist\u00e8re des Sports et membre du Comit\u00e9 National Olympique Sportif Fran\u00e7ais \u00ab\u00a0Tous les Sports Autrement \u00bb, c\u2019est bien l\u00e0 l\u2019expression de pratiques sportives se d\u00e9marquant fortement des mod\u00e8les traditionnels \u00e0 forte coloration \u00ab\u00a0haut niveau\u00a0\u00bb et \u00ab\u00a0spectacle\u00a0\u00bb. Le sport, oui mais pas en tant que finalit\u00e9\u00a0! Le Sport comme...","og_url":"https:\/\/laligue78.org\/index.php\/ufolep\/","article_modified_time":"2023-06-23T20:20:54+00:00","og_image":[{"url":"https:\/\/laligue78.org\/wp-content\/uploads\/2023\/06\/Capture-1-300x241.png","type":"","width":"","height":""}],"twitter_card":"summary_large_image","twitter_misc":{"Dur\u00e9e de lecture estim\u00e9e":"3 minutes"},"schema":{"@context":"https:\/\/schema.org","@graph":[{"@type":"WebPage","@id":"https:\/\/laligue78.org\/index.php\/ufolep\/","url":"https:\/\/laligue78.org\/index.php\/ufolep\/","name":"UFOLEP -","isPartOf":{"@id":"https:\/\/laligue78.org\/#website"},"primaryImageOfPage":{"@id":"https:\/\/laligue78.org\/index.php\/ufolep\/#primaryimage"},"image":{"@id":"https:\/\/laligue78.org\/index.php\/ufolep\/#primaryimage"},"thumbnailUrl":"https:\/\/laligue78.org\/wp-content\/uploads\/2023\/06\/Capture-1-300x241.png","datePublished":"2021-11-18T15:09:40+00:00","dateModified":"2023-06-23T20:20:54+00:00","breadcrumb":{"@id":"https:\/\/laligue78.org\/index.php\/ufolep\/#breadcrumb"},"inLanguage":"fr-FR","potentialAction":[{"@type":"ReadAction","target":["https:\/\/laligue78.org\/index.php\/ufolep\/"]}]},{"@type":"ImageObject","inLanguage":"fr-FR","@id":"https:\/\/laligue78.org\/index.php\/ufolep\/#primaryimage","url":"https:\/\/laligue78.org\/wp-content\/uploads\/2023\/06\/Capture-1.png","contentUrl":"https:\/\/laligue78.org\/wp-content\/uploads\/2023\/06\/Capture-1.png","width":331,"height":266},{"@type":"BreadcrumbList","@id":"https:\/\/laligue78.org\/index.php\/ufolep\/#breadcrumb","itemListElement":[{"@type":"ListItem","position":1,"name":"Accueil","item":"https:\/\/laligue78.org\/"},{"@type":"ListItem","position":2,"name":"UFOLEP"}]},{"@type":"WebSite","@id":"https:\/\/laligue78.org\/#website","url":"https:\/\/laligue78.org\/","name":"","description":"S&#039;associer est une force ! ","potentialAction":[{"@type":"SearchAction","target":{"@type":"EntryPoint","urlTemplate":"https:\/\/laligue78.org\/?s={search_term_string}"},"query-input":{"@type":"PropertyValueSpecification","valueRequired":true,"valueName":"search_term_string"}}],"inLanguage":"fr-FR"}]}},"_links":{"self":[{"href":"https:\/\/laligue78.org\/index.php\/wp-json\/wp\/v2\/pages\/119","targetHints":{"allow":["GET"]}}],"collection":[{"href":"https:\/\/laligue78.org\/index.php\/wp-json\/wp\/v2\/pages"}],"about":[{"href":"https:\/\/laligue78.org\/index.php\/wp-json\/wp\/v2\/types\/page"}],"author":[{"embeddable":true,"href":"https:\/\/laligue78.org\/index.php\/wp-json\/wp\/v2\/users\/3"}],"replies":[{"embeddable":true,"href":"https:\/\/laligue78.org\/index.php\/wp-json\/wp\/v2\/comments?post=119"}],"version-history":[{"count":8,"href":"https:\/\/laligue78.org\/index.php\/wp-json\/wp\/v2\/pages\/119\/revisions"}],"predecessor-version":[{"id":8736,"href":"https:\/\/laligue78.org\/index.php\/wp-json\/wp\/v2\/pages\/119\/revisions\/8736"}],"wp:attachment":[{"href":"https:\/\/laligue78.org\/index.php\/wp-json\/wp\/v2\/media?parent=119"}],"curies":[{"name":"wp","href":"https:\/\/api.w.org\/{rel}","templated":true}]}}