{"id":2127,"date":"2021-03-08T16:56:33","date_gmt":"2021-03-08T15:56:33","guid":{"rendered":"http:\/\/www.ufolep78.org\/?page_id=2127"},"modified":"2021-03-08T16:56:33","modified_gmt":"2021-03-08T15:56:33","slug":"mentions-legales-2","status":"publish","type":"page","link":"https:\/\/laligue78.org\/index.php\/mentions-legales-2\/","title":{"rendered":"Mentions l\u00e9gales"},"content":{"rendered":"\n<h2 class=\"wp-block-heading\">INFO \u00c9DITEUR<\/h2>\n\n\n\n<p><strong>UFOLEP<\/strong> 78<br>2, rue Georges Lapierre<br>78320 La Verri\u00e8re<br>T\u00e9l\u00e9phone : 01 30 54 71 53<\/p>\n\n\n\n<h2 class=\"wp-block-heading\">RESPONSABLE DE LA PUBLICATION<\/h2>\n\n\n\n<p>Ludovic Trezieres &#8211; D\u00e9l\u00e9gu\u00e9 UFOLEP 78<\/p>\n\n\n\n<hr class=\"wp-block-separator\"\/>\n\n\n\n<h2 class=\"wp-block-heading\">H\u00c9BERGEMENT<\/h2>\n\n\n\n<p><strong>GANDI<\/strong><\/p>\n\n\n\n<figure class=\"wp-block-image size-large\"><img decoding=\"async\" src=\"https:\/\/www.ufolep78.org\/wp-content\/uploads\/2021\/03\/Logo-Gandi-1024x682.jpg\" alt=\"\" class=\"wp-image-2132\"\/><\/figure>\n\n\n\n<p>Gandi SAS<br>63-65 boulevard Mass\u00e9na<br>75013 ParisFrance<br>Site Internet :&nbsp;<a href=\"https:\/\/www.gandi.net\/fr\" target=\"_blank\" rel=\"noreferrer noopener\">https:\/\/www.gandi.net\/fr<\/a><\/p>\n","protected":false},"excerpt":{"rendered":"<p>INFO \u00c9DITEUR UFOLEP 782, rue Georges Lapierre78320 La Verri\u00e8reT\u00e9l\u00e9phone : 01 30 54 71 53 RESPONSABLE DE LA PUBLICATION Ludovic Trezieres &#8211; D\u00e9l\u00e9gu\u00e9 UFOLEP 78 H\u00c9BERGEMENT GANDI Gandi SAS63-65 boulevard Mass\u00e9na75013 ParisFranceSite Internet :&nbsp;https:\/\/www.gandi.net\/fr<\/p>\n","protected":false},"author":3,"featured_media":0,"parent":0,"menu_order":0,"comment_status":"closed","ping_status":"closed","template":"","meta":{"_kad_post_transparent":"","_kad_post_title":"","_kad_post_layout":"","_kad_post_sidebar_id":"","_kad_post_content_style":"","_kad_post_vertical_padding":"","_kad_post_feature":"","_kad_post_feature_position":"","_kad_post_header":false,"_kad_post_footer":false,"_kad_post_classname":"","footnotes":""},"class_list":["post-2127","page","type-page","status-publish","hentry"],"yoast_head":"<!-- This site is optimized with the Yoast SEO plugin v27.2 - https:\/\/yoast.com\/product\/yoast-seo-wordpress\/ -->\n<title>Mentions l\u00e9gales -<\/title>\n<meta name=\"robots\" content=\"index, follow, max-snippet:-1, max-image-preview:large, max-video-preview:-1\" \/>\n<link rel=\"canonical\" href=\"https:\/\/laligue78.org\/index.php\/mentions-legales-2\/\" \/>\n<meta property=\"og:locale\" content=\"fr_FR\" \/>\n<meta property=\"og:type\" content=\"article\" \/>\n<meta property=\"og:title\" content=\"Mentions l\u00e9gales -\" \/>\n<meta property=\"og:description\" content=\"INFO \u00c9DITEUR UFOLEP 782, rue Georges Lapierre78320 La Verri\u00e8reT\u00e9l\u00e9phone : 01 30 54 71 53 RESPONSABLE DE LA PUBLICATION Ludovic Trezieres &#8211; D\u00e9l\u00e9gu\u00e9 UFOLEP 78 H\u00c9BERGEMENT GANDI Gandi SAS63-65 boulevard Mass\u00e9na75013 ParisFranceSite Internet :&nbsp;https:\/\/www.gandi.net\/fr\" \/>\n<meta property=\"og:url\" content=\"https:\/\/laligue78.org\/index.php\/mentions-legales-2\/\" \/>\n<meta property=\"og:image\" content=\"https:\/\/www.ufolep78.org\/wp-content\/uploads\/2021\/03\/Logo-Gandi-1024x682.jpg\" \/>\n<meta name=\"twitter:card\" content=\"summary_large_image\" \/>\n<meta name=\"twitter:label1\" content=\"Dur\u00e9e de lecture estim\u00e9e\" \/>\n\t<meta name=\"twitter:data1\" content=\"1 minute\" \/>\n<script type=\"application\/ld+json\" class=\"yoast-schema-graph\">{\"@context\":\"https:\/\/schema.org\",\"@graph\":[{\"@type\":\"WebPage\",\"@id\":\"https:\/\/laligue78.org\/index.php\/mentions-legales-2\/\",\"url\":\"https:\/\/laligue78.org\/index.php\/mentions-legales-2\/\",\"name\":\"Mentions l\u00e9gales -\",\"isPartOf\":{\"@id\":\"https:\/\/laligue78.org\/#website\"},\"primaryImageOfPage\":{\"@id\":\"https:\/\/laligue78.org\/index.php\/mentions-legales-2\/#primaryimage\"},\"image\":{\"@id\":\"https:\/\/laligue78.org\/index.php\/mentions-legales-2\/#primaryimage\"},\"thumbnailUrl\":\"https:\/\/www.ufolep78.org\/wp-content\/uploads\/2021\/03\/Logo-Gandi-1024x682.jpg\",\"datePublished\":\"2021-03-08T15:56:33+00:00\",\"breadcrumb\":{\"@id\":\"https:\/\/laligue78.org\/index.php\/mentions-legales-2\/#breadcrumb\"},\"inLanguage\":\"fr-FR\",\"potentialAction\":[{\"@type\":\"ReadAction\",\"target\":[\"https:\/\/laligue78.org\/index.php\/mentions-legales-2\/\"]}]},{\"@type\":\"ImageObject\",\"inLanguage\":\"fr-FR\",\"@id\":\"https:\/\/laligue78.org\/index.php\/mentions-legales-2\/#primaryimage\",\"url\":\"https:\/\/www.ufolep78.org\/wp-content\/uploads\/2021\/03\/Logo-Gandi-1024x682.jpg\",\"contentUrl\":\"https:\/\/www.ufolep78.org\/wp-content\/uploads\/2021\/03\/Logo-Gandi-1024x682.jpg\"},{\"@type\":\"BreadcrumbList\",\"@id\":\"https:\/\/laligue78.org\/index.php\/mentions-legales-2\/#breadcrumb\",\"itemListElement\":[{\"@type\":\"ListItem\",\"position\":1,\"name\":\"Accueil\",\"item\":\"https:\/\/laligue78.org\/\"},{\"@type\":\"ListItem\",\"position\":2,\"name\":\"Mentions l\u00e9gales\"}]},{\"@type\":\"WebSite\",\"@id\":\"https:\/\/laligue78.org\/#website\",\"url\":\"https:\/\/laligue78.org\/\",\"name\":\"\",\"description\":\"S&#039;associer est une force ! \",\"potentialAction\":[{\"@type\":\"SearchAction\",\"target\":{\"@type\":\"EntryPoint\",\"urlTemplate\":\"https:\/\/laligue78.org\/?s={search_term_string}\"},\"query-input\":{\"@type\":\"PropertyValueSpecification\",\"valueRequired\":true,\"valueName\":\"search_term_string\"}}],\"inLanguage\":\"fr-FR\"}]}<\/script>\n<!-- \/ Yoast SEO plugin. -->","yoast_head_json":{"title":"Mentions l\u00e9gales -","robots":{"index":"index","follow":"follow","max-snippet":"max-snippet:-1","max-image-preview":"max-image-preview:large","max-video-preview":"max-video-preview:-1"},"canonical":"https:\/\/laligue78.org\/index.php\/mentions-legales-2\/","og_locale":"fr_FR","og_type":"article","og_title":"Mentions l\u00e9gales -","og_description":"INFO \u00c9DITEUR UFOLEP 782, rue Georges Lapierre78320 La Verri\u00e8reT\u00e9l\u00e9phone : 01 30 54 71 53 RESPONSABLE DE LA PUBLICATION Ludovic Trezieres &#8211; D\u00e9l\u00e9gu\u00e9 UFOLEP 78 H\u00c9BERGEMENT GANDI Gandi SAS63-65 boulevard Mass\u00e9na75013 ParisFranceSite Internet :&nbsp;https:\/\/www.gandi.net\/fr","og_url":"https:\/\/laligue78.org\/index.php\/mentions-legales-2\/","og_image":[{"url":"https:\/\/www.ufolep78.org\/wp-content\/uploads\/2021\/03\/Logo-Gandi-1024x682.jpg","type":"","width":"","height":""}],"twitter_card":"summary_large_image","twitter_misc":{"Dur\u00e9e de lecture estim\u00e9e":"1 minute"},"schema":{"@context":"https:\/\/schema.org","@graph":[{"@type":"WebPage","@id":"https:\/\/laligue78.org\/index.php\/mentions-legales-2\/","url":"https:\/\/laligue78.org\/index.php\/mentions-legales-2\/","name":"Mentions l\u00e9gales -","isPartOf":{"@id":"https:\/\/laligue78.org\/#website"},"primaryImageOfPage":{"@id":"https:\/\/laligue78.org\/index.php\/mentions-legales-2\/#primaryimage"},"image":{"@id":"https:\/\/laligue78.org\/index.php\/mentions-legales-2\/#primaryimage"},"thumbnailUrl":"https:\/\/www.ufolep78.org\/wp-content\/uploads\/2021\/03\/Logo-Gandi-1024x682.jpg","datePublished":"2021-03-08T15:56:33+00:00","breadcrumb":{"@id":"https:\/\/laligue78.org\/index.php\/mentions-legales-2\/#breadcrumb"},"inLanguage":"fr-FR","potentialAction":[{"@type":"ReadAction","target":["https:\/\/laligue78.org\/index.php\/mentions-legales-2\/"]}]},{"@type":"ImageObject","inLanguage":"fr-FR","@id":"https:\/\/laligue78.org\/index.php\/mentions-legales-2\/#primaryimage","url":"https:\/\/www.ufolep78.org\/wp-content\/uploads\/2021\/03\/Logo-Gandi-1024x682.jpg","contentUrl":"https:\/\/www.ufolep78.org\/wp-content\/uploads\/2021\/03\/Logo-Gandi-1024x682.jpg"},{"@type":"BreadcrumbList","@id":"https:\/\/laligue78.org\/index.php\/mentions-legales-2\/#breadcrumb","itemListElement":[{"@type":"ListItem","position":1,"name":"Accueil","item":"https:\/\/laligue78.org\/"},{"@type":"ListItem","position":2,"name":"Mentions l\u00e9gales"}]},{"@type":"WebSite","@id":"https:\/\/laligue78.org\/#website","url":"https:\/\/laligue78.org\/","name":"","description":"S&#039;associer est une force ! ","potentialAction":[{"@type":"SearchAction","target":{"@type":"EntryPoint","urlTemplate":"https:\/\/laligue78.org\/?s={search_term_string}"},"query-input":{"@type":"PropertyValueSpecification","valueRequired":true,"valueName":"search_term_string"}}],"inLanguage":"fr-FR"}]}},"_links":{"self":[{"href":"https:\/\/laligue78.org\/index.php\/wp-json\/wp\/v2\/pages\/2127","targetHints":{"allow":["GET"]}}],"collection":[{"href":"https:\/\/laligue78.org\/index.php\/wp-json\/wp\/v2\/pages"}],"about":[{"href":"https:\/\/laligue78.org\/index.php\/wp-json\/wp\/v2\/types\/page"}],"author":[{"embeddable":true,"href":"https:\/\/laligue78.org\/index.php\/wp-json\/wp\/v2\/users\/3"}],"replies":[{"embeddable":true,"href":"https:\/\/laligue78.org\/index.php\/wp-json\/wp\/v2\/comments?post=2127"}],"version-history":[{"count":0,"href":"https:\/\/laligue78.org\/index.php\/wp-json\/wp\/v2\/pages\/2127\/revisions"}],"wp:attachment":[{"href":"https:\/\/laligue78.org\/index.php\/wp-json\/wp\/v2\/media?parent=2127"}],"curies":[{"name":"wp","href":"https:\/\/api.w.org\/{rel}","templated":true}]}}