{"id":2140,"date":"2021-03-12T13:31:49","date_gmt":"2021-03-12T12:31:49","guid":{"rendered":"http:\/\/www.ufolep78.org\/?page_id=2140"},"modified":"2023-09-13T08:11:28","modified_gmt":"2023-09-13T08:11:28","slug":"contact-2","status":"publish","type":"page","link":"https:\/\/laligue78.org\/index.php\/contact-2\/","title":{"rendered":"Contact"},"content":{"rendered":"\t\t<div data-elementor-type=\"wp-page\" data-elementor-id=\"2140\" class=\"elementor elementor-2140\">\n\t\t\t\t\t\t<section class=\"elementor-section elementor-top-section elementor-element elementor-element-aa58544 elementor-section-boxed elementor-section-height-default elementor-section-height-default\" data-id=\"aa58544\" data-element_type=\"section\" data-e-type=\"section\">\n\t\t\t\t\t\t<div class=\"elementor-container elementor-column-gap-default\">\n\t\t\t\t\t<div class=\"elementor-column elementor-col-100 elementor-top-column elementor-element elementor-element-da3f9e0\" data-id=\"da3f9e0\" data-element_type=\"column\" data-e-type=\"column\">\n\t\t\t<div class=\"elementor-widget-wrap elementor-element-populated\">\n\t\t\t\t\t\t<div class=\"elementor-element elementor-element-8ab457a elementor-widget elementor-widget-image\" data-id=\"8ab457a\" data-element_type=\"widget\" data-e-type=\"widget\" data-widget_type=\"image.default\">\n\t\t\t\t<div class=\"elementor-widget-container\">\n\t\t\t\t\t\t\t\t\t\t\t\t\t\t\t<img decoding=\"async\" src=\"https:\/\/www.ufolep78.org\/wp-content\/uploads\/Photo-ERPD-scaled.jpg\" title=\"\" alt=\"\" loading=\"lazy\" \/>\t\t\t\t\t\t\t\t\t\t\t\t\t\t\t<\/div>\n\t\t\t\t<\/div>\n\t\t\t\t\t<\/div>\n\t\t<\/div>\n\t\t\t\t\t<\/div>\n\t\t<\/section>\n\t\t\t\t<section class=\"elementor-section elementor-top-section elementor-element elementor-element-cb20118 elementor-section-boxed elementor-section-height-default elementor-section-height-default\" data-id=\"cb20118\" data-element_type=\"section\" data-e-type=\"section\">\n\t\t\t\t\t\t<div class=\"elementor-container elementor-column-gap-default\">\n\t\t\t\t\t<div class=\"elementor-column elementor-col-100 elementor-top-column elementor-element elementor-element-3f4c8ef\" data-id=\"3f4c8ef\" data-element_type=\"column\" data-e-type=\"column\">\n\t\t\t<div class=\"elementor-widget-wrap elementor-element-populated\">\n\t\t\t\t\t\t<div class=\"elementor-element elementor-element-e3bc4a8 elementor-widget elementor-widget-text-editor\" data-id=\"e3bc4a8\" data-element_type=\"widget\" data-e-type=\"widget\" data-widget_type=\"text-editor.default\">\n\t\t\t\t<div class=\"elementor-widget-container\">\n\t\t\t\t\t\t\t\t\t<p>Le comit\u00e9 UFOLEP 78 \u00e0 d\u00e9m\u00e9nag\u00e9 et vous pouvez d\u00e9sormais nous retrouver \u00e0 La Verri\u00e8re, au sein de l&rsquo;ERPD (Ecole R\u00e9gionale du Premier Degr\u00e9s) de La Verri\u00e8re.<\/p>\t\t\t\t\t\t\t\t<\/div>\n\t\t\t\t<\/div>\n\t\t\t\t\t<\/div>\n\t\t<\/div>\n\t\t\t\t\t<\/div>\n\t\t<\/section>\n\t\t\t\t<section class=\"elementor-section elementor-top-section elementor-element elementor-element-4659027 elementor-section-boxed elementor-section-height-default elementor-section-height-default\" data-id=\"4659027\" data-element_type=\"section\" data-e-type=\"section\">\n\t\t\t\t\t\t<div class=\"elementor-container elementor-column-gap-default\">\n\t\t\t\t\t<div class=\"elementor-column elementor-col-50 elementor-top-column elementor-element elementor-element-028dd1b\" data-id=\"028dd1b\" data-element_type=\"column\" data-e-type=\"column\">\n\t\t\t<div class=\"elementor-widget-wrap elementor-element-populated\">\n\t\t\t\t\t\t<div class=\"elementor-element elementor-element-2ebf0e4 elementor-align-start elementor-icon-list--layout-traditional elementor-list-item-link-full_width elementor-widget elementor-widget-icon-list\" data-id=\"2ebf0e4\" data-element_type=\"widget\" data-e-type=\"widget\" data-widget_type=\"icon-list.default\">\n\t\t\t\t<div class=\"elementor-widget-container\">\n\t\t\t\t\t\t\t<ul class=\"elementor-icon-list-items\">\n\t\t\t\t\t\t\t<li class=\"elementor-icon-list-item\">\n\t\t\t\t\t\t\t\t\t\t\t<span class=\"elementor-icon-list-icon\">\n\t\t\t\t\t\t\t<i aria-hidden=\"true\" class=\"fas fa-home\"><\/i>\t\t\t\t\t\t<\/span>\n\t\t\t\t\t\t\t\t\t\t<span class=\"elementor-icon-list-text\">ERPD - 2, rue Georges Lapierre <br>78320 La Verri\u00e8re<\/span>\n\t\t\t\t\t\t\t\t\t<\/li>\n\t\t\t\t\t\t\t\t<li class=\"elementor-icon-list-item\">\n\t\t\t\t\t\t\t\t\t\t\t<span class=\"elementor-icon-list-icon\">\n\t\t\t\t\t\t\t<i aria-hidden=\"true\" class=\"fas fa-phone\"><\/i>\t\t\t\t\t\t<\/span>\n\t\t\t\t\t\t\t\t\t\t<span class=\"elementor-icon-list-text\">01 30 13 06 06<\/span>\n\t\t\t\t\t\t\t\t\t<\/li>\n\t\t\t\t\t\t<\/ul>\n\t\t\t\t\t\t<\/div>\n\t\t\t\t<\/div>\n\t\t\t\t\t<\/div>\n\t\t<\/div>\n\t\t\t\t<div class=\"elementor-column elementor-col-50 elementor-top-column elementor-element elementor-element-fd3bb79\" data-id=\"fd3bb79\" data-element_type=\"column\" data-e-type=\"column\">\n\t\t\t<div class=\"elementor-widget-wrap elementor-element-populated\">\n\t\t\t\t\t\t<div class=\"elementor-element elementor-element-841fa68 elementor-icon-list--layout-traditional elementor-list-item-link-full_width elementor-widget elementor-widget-icon-list\" data-id=\"841fa68\" data-element_type=\"widget\" data-e-type=\"widget\" data-widget_type=\"icon-list.default\">\n\t\t\t\t<div class=\"elementor-widget-container\">\n\t\t\t\t\t\t\t<ul class=\"elementor-icon-list-items\">\n\t\t\t\t\t\t\t<li class=\"elementor-icon-list-item\">\n\t\t\t\t\t\t\t\t\t\t\t<a href=\"http:\/\/www.ufolep78.org\u200b\">\n\n\t\t\t\t\t\t\t\t\t\t\t\t<span class=\"elementor-icon-list-icon\">\n\t\t\t\t\t\t\t<i aria-hidden=\"true\" class=\"fas fa-globe\"><\/i>\t\t\t\t\t\t<\/span>\n\t\t\t\t\t\t\t\t\t\t<span class=\"elementor-icon-list-text\">www.laligue78.org<\/span>\n\t\t\t\t\t\t\t\t\t\t\t<\/a>\n\t\t\t\t\t\t\t\t\t<\/li>\n\t\t\t\t\t\t\t\t<li class=\"elementor-icon-list-item\">\n\t\t\t\t\t\t\t\t\t\t\t<a href=\"http:\/\/contact@laligue78.org\u200b\">\n\n\t\t\t\t\t\t\t\t\t\t\t\t<span class=\"elementor-icon-list-icon\">\n\t\t\t\t\t\t\t<i aria-hidden=\"true\" class=\"fas fa-at\"><\/i>\t\t\t\t\t\t<\/span>\n\t\t\t\t\t\t\t\t\t\t<span class=\"elementor-icon-list-text\">contact@laligue78.org<\/span>\n\t\t\t\t\t\t\t\t\t\t\t<\/a>\n\t\t\t\t\t\t\t\t\t<\/li>\n\t\t\t\t\t\t<\/ul>\n\t\t\t\t\t\t<\/div>\n\t\t\t\t<\/div>\n\t\t\t\t\t<\/div>\n\t\t<\/div>\n\t\t\t\t\t<\/div>\n\t\t<\/section>\n\t\t\t\t<\/div>\n\t\t","protected":false},"excerpt":{"rendered":"<p>Le comit\u00e9 UFOLEP 78 \u00e0 d\u00e9m\u00e9nag\u00e9 et vous pouvez d\u00e9sormais nous retrouver \u00e0 La Verri\u00e8re, au sein de l&rsquo;ERPD (Ecole R\u00e9gionale du Premier Degr\u00e9s) de La Verri\u00e8re. ERPD &#8211; 2, rue Georges Lapierre 78320 La Verri\u00e8re 01 30 13 06 06 www.laligue78.org contact@laligue78.org<\/p>\n","protected":false},"author":3,"featured_media":0,"parent":0,"menu_order":0,"comment_status":"closed","ping_status":"closed","template":"","meta":{"_kad_post_transparent":"","_kad_post_title":"","_kad_post_layout":"","_kad_post_sidebar_id":"","_kad_post_content_style":"","_kad_post_vertical_padding":"","_kad_post_feature":"","_kad_post_feature_position":"","_kad_post_header":false,"_kad_post_footer":false,"_kad_post_classname":"","footnotes":""},"class_list":["post-2140","page","type-page","status-publish","hentry"],"yoast_head":"<!-- This site is optimized with the Yoast SEO plugin v27.2 - https:\/\/yoast.com\/product\/yoast-seo-wordpress\/ -->\n<title>Contact -<\/title>\n<meta name=\"robots\" content=\"index, follow, max-snippet:-1, max-image-preview:large, max-video-preview:-1\" \/>\n<link rel=\"canonical\" href=\"https:\/\/laligue78.org\/index.php\/contact-2\/\" \/>\n<meta property=\"og:locale\" content=\"fr_FR\" \/>\n<meta property=\"og:type\" content=\"article\" \/>\n<meta property=\"og:title\" content=\"Contact -\" \/>\n<meta property=\"og:description\" content=\"Le comit\u00e9 UFOLEP 78 \u00e0 d\u00e9m\u00e9nag\u00e9 et vous pouvez d\u00e9sormais nous retrouver \u00e0 La Verri\u00e8re, au sein de l&rsquo;ERPD (Ecole R\u00e9gionale du Premier Degr\u00e9s) de La Verri\u00e8re. ERPD &#8211; 2, rue Georges Lapierre 78320 La Verri\u00e8re 01 30 13 06 06 www.laligue78.org contact@laligue78.org\" \/>\n<meta property=\"og:url\" content=\"https:\/\/laligue78.org\/index.php\/contact-2\/\" \/>\n<meta property=\"article:modified_time\" content=\"2023-09-13T08:11:28+00:00\" \/>\n<meta property=\"og:image\" content=\"https:\/\/www.ufolep78.org\/wp-content\/uploads\/Photo-ERPD-scaled.jpg\" \/>\n<meta name=\"twitter:card\" content=\"summary_large_image\" \/>\n<meta name=\"twitter:label1\" content=\"Dur\u00e9e de lecture estim\u00e9e\" \/>\n\t<meta name=\"twitter:data1\" content=\"1 minute\" \/>\n<script type=\"application\/ld+json\" class=\"yoast-schema-graph\">{\"@context\":\"https:\/\/schema.org\",\"@graph\":[{\"@type\":\"WebPage\",\"@id\":\"https:\/\/laligue78.org\/index.php\/contact-2\/\",\"url\":\"https:\/\/laligue78.org\/index.php\/contact-2\/\",\"name\":\"Contact -\",\"isPartOf\":{\"@id\":\"https:\/\/laligue78.org\/#website\"},\"primaryImageOfPage\":{\"@id\":\"https:\/\/laligue78.org\/index.php\/contact-2\/#primaryimage\"},\"image\":{\"@id\":\"https:\/\/laligue78.org\/index.php\/contact-2\/#primaryimage\"},\"thumbnailUrl\":\"https:\/\/www.ufolep78.org\/wp-content\/uploads\/Photo-ERPD-scaled.jpg\",\"datePublished\":\"2021-03-12T12:31:49+00:00\",\"dateModified\":\"2023-09-13T08:11:28+00:00\",\"breadcrumb\":{\"@id\":\"https:\/\/laligue78.org\/index.php\/contact-2\/#breadcrumb\"},\"inLanguage\":\"fr-FR\",\"potentialAction\":[{\"@type\":\"ReadAction\",\"target\":[\"https:\/\/laligue78.org\/index.php\/contact-2\/\"]}]},{\"@type\":\"ImageObject\",\"inLanguage\":\"fr-FR\",\"@id\":\"https:\/\/laligue78.org\/index.php\/contact-2\/#primaryimage\",\"url\":\"https:\/\/www.ufolep78.org\/wp-content\/uploads\/Photo-ERPD-scaled.jpg\",\"contentUrl\":\"https:\/\/www.ufolep78.org\/wp-content\/uploads\/Photo-ERPD-scaled.jpg\"},{\"@type\":\"BreadcrumbList\",\"@id\":\"https:\/\/laligue78.org\/index.php\/contact-2\/#breadcrumb\",\"itemListElement\":[{\"@type\":\"ListItem\",\"position\":1,\"name\":\"Accueil\",\"item\":\"https:\/\/laligue78.org\/\"},{\"@type\":\"ListItem\",\"position\":2,\"name\":\"Contact\"}]},{\"@type\":\"WebSite\",\"@id\":\"https:\/\/laligue78.org\/#website\",\"url\":\"https:\/\/laligue78.org\/\",\"name\":\"\",\"description\":\"S&#039;associer est une force ! \",\"potentialAction\":[{\"@type\":\"SearchAction\",\"target\":{\"@type\":\"EntryPoint\",\"urlTemplate\":\"https:\/\/laligue78.org\/?s={search_term_string}\"},\"query-input\":{\"@type\":\"PropertyValueSpecification\",\"valueRequired\":true,\"valueName\":\"search_term_string\"}}],\"inLanguage\":\"fr-FR\"}]}<\/script>\n<!-- \/ Yoast SEO plugin. -->","yoast_head_json":{"title":"Contact -","robots":{"index":"index","follow":"follow","max-snippet":"max-snippet:-1","max-image-preview":"max-image-preview:large","max-video-preview":"max-video-preview:-1"},"canonical":"https:\/\/laligue78.org\/index.php\/contact-2\/","og_locale":"fr_FR","og_type":"article","og_title":"Contact -","og_description":"Le comit\u00e9 UFOLEP 78 \u00e0 d\u00e9m\u00e9nag\u00e9 et vous pouvez d\u00e9sormais nous retrouver \u00e0 La Verri\u00e8re, au sein de l&rsquo;ERPD (Ecole R\u00e9gionale du Premier Degr\u00e9s) de La Verri\u00e8re. ERPD &#8211; 2, rue Georges Lapierre 78320 La Verri\u00e8re 01 30 13 06 06 www.laligue78.org contact@laligue78.org","og_url":"https:\/\/laligue78.org\/index.php\/contact-2\/","article_modified_time":"2023-09-13T08:11:28+00:00","og_image":[{"url":"https:\/\/www.ufolep78.org\/wp-content\/uploads\/Photo-ERPD-scaled.jpg","type":"","width":"","height":""}],"twitter_card":"summary_large_image","twitter_misc":{"Dur\u00e9e de lecture estim\u00e9e":"1 minute"},"schema":{"@context":"https:\/\/schema.org","@graph":[{"@type":"WebPage","@id":"https:\/\/laligue78.org\/index.php\/contact-2\/","url":"https:\/\/laligue78.org\/index.php\/contact-2\/","name":"Contact -","isPartOf":{"@id":"https:\/\/laligue78.org\/#website"},"primaryImageOfPage":{"@id":"https:\/\/laligue78.org\/index.php\/contact-2\/#primaryimage"},"image":{"@id":"https:\/\/laligue78.org\/index.php\/contact-2\/#primaryimage"},"thumbnailUrl":"https:\/\/www.ufolep78.org\/wp-content\/uploads\/Photo-ERPD-scaled.jpg","datePublished":"2021-03-12T12:31:49+00:00","dateModified":"2023-09-13T08:11:28+00:00","breadcrumb":{"@id":"https:\/\/laligue78.org\/index.php\/contact-2\/#breadcrumb"},"inLanguage":"fr-FR","potentialAction":[{"@type":"ReadAction","target":["https:\/\/laligue78.org\/index.php\/contact-2\/"]}]},{"@type":"ImageObject","inLanguage":"fr-FR","@id":"https:\/\/laligue78.org\/index.php\/contact-2\/#primaryimage","url":"https:\/\/www.ufolep78.org\/wp-content\/uploads\/Photo-ERPD-scaled.jpg","contentUrl":"https:\/\/www.ufolep78.org\/wp-content\/uploads\/Photo-ERPD-scaled.jpg"},{"@type":"BreadcrumbList","@id":"https:\/\/laligue78.org\/index.php\/contact-2\/#breadcrumb","itemListElement":[{"@type":"ListItem","position":1,"name":"Accueil","item":"https:\/\/laligue78.org\/"},{"@type":"ListItem","position":2,"name":"Contact"}]},{"@type":"WebSite","@id":"https:\/\/laligue78.org\/#website","url":"https:\/\/laligue78.org\/","name":"","description":"S&#039;associer est une force ! ","potentialAction":[{"@type":"SearchAction","target":{"@type":"EntryPoint","urlTemplate":"https:\/\/laligue78.org\/?s={search_term_string}"},"query-input":{"@type":"PropertyValueSpecification","valueRequired":true,"valueName":"search_term_string"}}],"inLanguage":"fr-FR"}]}},"_links":{"self":[{"href":"https:\/\/laligue78.org\/index.php\/wp-json\/wp\/v2\/pages\/2140","targetHints":{"allow":["GET"]}}],"collection":[{"href":"https:\/\/laligue78.org\/index.php\/wp-json\/wp\/v2\/pages"}],"about":[{"href":"https:\/\/laligue78.org\/index.php\/wp-json\/wp\/v2\/types\/page"}],"author":[{"embeddable":true,"href":"https:\/\/laligue78.org\/index.php\/wp-json\/wp\/v2\/users\/3"}],"replies":[{"embeddable":true,"href":"https:\/\/laligue78.org\/index.php\/wp-json\/wp\/v2\/comments?post=2140"}],"version-history":[{"count":3,"href":"https:\/\/laligue78.org\/index.php\/wp-json\/wp\/v2\/pages\/2140\/revisions"}],"predecessor-version":[{"id":9061,"href":"https:\/\/laligue78.org\/index.php\/wp-json\/wp\/v2\/pages\/2140\/revisions\/9061"}],"wp:attachment":[{"href":"https:\/\/laligue78.org\/index.php\/wp-json\/wp\/v2\/media?parent=2140"}],"curies":[{"name":"wp","href":"https:\/\/api.w.org\/{rel}","templated":true}]}}