{"id":9141,"date":"2023-09-26T11:19:23","date_gmt":"2023-09-26T11:19:23","guid":{"rendered":"https:\/\/laligue78.org\/?page_id=9141"},"modified":"2024-04-16T14:59:59","modified_gmt":"2024-04-16T14:59:59","slug":"formation-continue-des-animateurs","status":"publish","type":"page","link":"https:\/\/laligue78.org\/index.php\/formation-continue-des-animateurs\/","title":{"rendered":"Formation continue des animateurs"},"content":{"rendered":"\t\t<div data-elementor-type=\"wp-page\" data-elementor-id=\"9141\" class=\"elementor elementor-9141\">\n\t\t\t\t\t\t<section class=\"elementor-section elementor-top-section elementor-element elementor-element-d143f17 elementor-section-boxed elementor-section-height-default elementor-section-height-default\" data-id=\"d143f17\" data-element_type=\"section\" data-e-type=\"section\">\n\t\t\t\t\t\t<div class=\"elementor-container elementor-column-gap-default\">\n\t\t\t\t\t<div class=\"elementor-column elementor-col-100 elementor-top-column elementor-element elementor-element-e7760d8\" data-id=\"e7760d8\" data-element_type=\"column\" data-e-type=\"column\">\n\t\t\t<div class=\"elementor-widget-wrap elementor-element-populated\">\n\t\t\t\t\t\t<div class=\"elementor-element elementor-element-df602f3 elementor-widget elementor-widget-spacer\" data-id=\"df602f3\" data-element_type=\"widget\" data-e-type=\"widget\" data-widget_type=\"spacer.default\">\n\t\t\t\t<div class=\"elementor-widget-container\">\n\t\t\t\t\t\t\t<div class=\"elementor-spacer\">\n\t\t\t<div class=\"elementor-spacer-inner\"><\/div>\n\t\t<\/div>\n\t\t\t\t\t\t<\/div>\n\t\t\t\t<\/div>\n\t\t\t\t<div class=\"elementor-element elementor-element-e27785f elementor-widget elementor-widget-heading\" data-id=\"e27785f\" data-element_type=\"widget\" data-e-type=\"widget\" data-widget_type=\"heading.default\">\n\t\t\t\t<div class=\"elementor-widget-container\">\n\t\t\t\t\t<h2 class=\"elementor-heading-title elementor-size-default\">Formation continue des professionnels de l'animation et de l'action sociale<\/h2>\t\t\t\t<\/div>\n\t\t\t\t<\/div>\n\t\t\t\t\t<\/div>\n\t\t<\/div>\n\t\t\t\t\t<\/div>\n\t\t<\/section>\n\t\t\t\t<section class=\"elementor-section elementor-top-section elementor-element elementor-element-52e0204 elementor-section-boxed elementor-section-height-default elementor-section-height-default\" data-id=\"52e0204\" data-element_type=\"section\" data-e-type=\"section\">\n\t\t\t\t\t\t<div class=\"elementor-container elementor-column-gap-default\">\n\t\t\t\t\t<div class=\"elementor-column elementor-col-100 elementor-top-column elementor-element elementor-element-93901d9\" data-id=\"93901d9\" data-element_type=\"column\" data-e-type=\"column\">\n\t\t\t<div class=\"elementor-widget-wrap elementor-element-populated\">\n\t\t\t\t\t\t<div class=\"elementor-element elementor-element-c4a9955 elementor-widget elementor-widget-image\" data-id=\"c4a9955\" data-element_type=\"widget\" data-e-type=\"widget\" data-widget_type=\"image.default\">\n\t\t\t\t<div class=\"elementor-widget-container\">\n\t\t\t\t\t\t\t\t\t\t\t\t\t\t\t<img fetchpriority=\"high\" decoding=\"async\" width=\"768\" height=\"576\" src=\"https:\/\/laligue78.org\/wp-content\/uploads\/2024\/04\/YIJ-102023-768x576.jpeg\" class=\"attachment-medium_large size-medium_large wp-image-9260\" alt=\"\" srcset=\"https:\/\/laligue78.org\/wp-content\/uploads\/2024\/04\/YIJ-102023-768x576.jpeg 768w, https:\/\/laligue78.org\/wp-content\/uploads\/2024\/04\/YIJ-102023-300x225.jpeg 300w, https:\/\/laligue78.org\/wp-content\/uploads\/2024\/04\/YIJ-102023-1024x768.jpeg 1024w, https:\/\/laligue78.org\/wp-content\/uploads\/2024\/04\/YIJ-102023-1536x1152.jpeg 1536w, https:\/\/laligue78.org\/wp-content\/uploads\/2024\/04\/YIJ-102023.jpeg 1653w\" sizes=\"(max-width: 768px) 100vw, 768px\" \/>\t\t\t\t\t\t\t\t\t\t\t\t\t\t\t<\/div>\n\t\t\t\t<\/div>\n\t\t\t\t<div class=\"elementor-element elementor-element-4051913 elementor-widget elementor-widget-text-editor\" data-id=\"4051913\" data-element_type=\"widget\" data-e-type=\"widget\" data-widget_type=\"text-editor.default\">\n\t\t\t\t<div class=\"elementor-widget-container\">\n\t\t\t\t\t\t\t\t\t<p><span style=\"text-decoration: underline;\"><strong>FORMATIONS DES PROFESSIONNELS<\/strong><\/span><\/p><p>La F\u00e9d\u00e9ration Yvelinoise, sous l&rsquo;\u00e9gide de la CAF et de la Pr\u00e9fecture des Yvelines, propose des formations en direction des\u00a0<span style=\"color: var( --e-global-color-text ); font-family: var( --e-global-typography-text-font-family ), Sans-serif; font-weight: var( --e-global-typography-text-font-weight ); background-color: transparent;\">professionnels de l&rsquo;\u00e9ducation et du milieu associatif. Elle forme \u00e9galement les accompagnateurs et accompagnatrices du\u00a0<\/span><span style=\"color: var( --e-global-color-text ); font-family: var( --e-global-typography-text-font-family ), Sans-serif; font-weight: var( --e-global-typography-text-font-weight ); background-color: transparent;\">Contrat Local d&rsquo;Accompagnement \u00e0 la Scolarit\u00e9.<\/span><\/p><p>Nous d\u00e9veloppons des modules de formations en r\u00e9ponse aux sollicitations des acteurs de terrain :<\/p><p>Accueil des enfants \u00e0 besoins sp\u00e9cifiques<\/p><p>Construction un projet p\u00e9dagogique<\/p><p>La\u00efcit\u00e9 et valeurs de la R\u00e9publique<\/p><p>Gestion d&rsquo;un groupe d&rsquo;enfants<\/p><p>Gestion de conflit<\/p><p>Estime de soi<\/p><p>Accompagnement \u00e0 la parentalit\u00e9<\/p>\t\t\t\t\t\t\t\t<\/div>\n\t\t\t\t<\/div>\n\t\t\t\t\t<\/div>\n\t\t<\/div>\n\t\t\t\t\t<\/div>\n\t\t<\/section>\n\t\t\t\t<section class=\"elementor-section elementor-top-section elementor-element elementor-element-34c3b0f2 elementor-section-boxed elementor-section-height-default elementor-section-height-default\" data-id=\"34c3b0f2\" data-element_type=\"section\" data-e-type=\"section\">\n\t\t\t\t\t\t<div class=\"elementor-container elementor-column-gap-default\">\n\t\t\t\t\t<div class=\"elementor-column elementor-col-100 elementor-top-column elementor-element elementor-element-6a8143e8\" data-id=\"6a8143e8\" data-element_type=\"column\" data-e-type=\"column\">\n\t\t\t<div class=\"elementor-widget-wrap elementor-element-populated\">\n\t\t\t\t\t\t<div class=\"elementor-element elementor-element-5f63d50d elementor-widget elementor-widget-heading\" data-id=\"5f63d50d\" data-element_type=\"widget\" data-e-type=\"widget\" data-widget_type=\"heading.default\">\n\t\t\t\t<div class=\"elementor-widget-container\">\n\t\t\t\t\t<h2 class=\"elementor-heading-title elementor-size-default\">Contactez-nous :<\/h2>\t\t\t\t<\/div>\n\t\t\t\t<\/div>\n\t\t\t\t<section class=\"elementor-section elementor-inner-section elementor-element elementor-element-79bd0c47 elementor-section-boxed elementor-section-height-default elementor-section-height-default\" data-id=\"79bd0c47\" data-element_type=\"section\" data-e-type=\"section\">\n\t\t\t\t\t\t<div class=\"elementor-container elementor-column-gap-default\">\n\t\t\t\t\t<div class=\"elementor-column elementor-col-50 elementor-inner-column elementor-element elementor-element-5628e24e\" data-id=\"5628e24e\" data-element_type=\"column\" data-e-type=\"column\">\n\t\t\t<div class=\"elementor-widget-wrap elementor-element-populated\">\n\t\t\t\t\t\t<div class=\"elementor-element elementor-element-5fda848a elementor-align-start elementor-icon-list--layout-traditional elementor-list-item-link-full_width elementor-widget elementor-widget-icon-list\" data-id=\"5fda848a\" data-element_type=\"widget\" data-e-type=\"widget\" data-widget_type=\"icon-list.default\">\n\t\t\t\t<div class=\"elementor-widget-container\">\n\t\t\t\t\t\t\t<ul class=\"elementor-icon-list-items\">\n\t\t\t\t\t\t\t<li class=\"elementor-icon-list-item\">\n\t\t\t\t\t\t\t\t\t\t\t<span class=\"elementor-icon-list-icon\">\n\t\t\t\t\t\t\t<i aria-hidden=\"true\" class=\"fas fa-home\"><\/i>\t\t\t\t\t\t<\/span>\n\t\t\t\t\t\t\t\t\t\t<span class=\"elementor-icon-list-text\">2, rue Georges Lapierre - 78320 La Verri\u00e8re<\/span>\n\t\t\t\t\t\t\t\t\t<\/li>\n\t\t\t\t\t\t\t\t<li class=\"elementor-icon-list-item\">\n\t\t\t\t\t\t\t\t\t\t\t<span class=\"elementor-icon-list-icon\">\n\t\t\t\t\t\t\t<i aria-hidden=\"true\" class=\"fas fa-phone\"><\/i>\t\t\t\t\t\t<\/span>\n\t\t\t\t\t\t\t\t\t\t<span class=\"elementor-icon-list-text\">01 30 13 06 06<\/span>\n\t\t\t\t\t\t\t\t\t<\/li>\n\t\t\t\t\t\t<\/ul>\n\t\t\t\t\t\t<\/div>\n\t\t\t\t<\/div>\n\t\t\t\t\t<\/div>\n\t\t<\/div>\n\t\t\t\t<div class=\"elementor-column elementor-col-50 elementor-inner-column elementor-element elementor-element-60bee206\" data-id=\"60bee206\" data-element_type=\"column\" data-e-type=\"column\">\n\t\t\t<div class=\"elementor-widget-wrap elementor-element-populated\">\n\t\t\t\t\t\t<div class=\"elementor-element elementor-element-34f17625 elementor-icon-list--layout-traditional elementor-list-item-link-full_width elementor-widget elementor-widget-icon-list\" data-id=\"34f17625\" data-element_type=\"widget\" data-e-type=\"widget\" data-widget_type=\"icon-list.default\">\n\t\t\t\t<div class=\"elementor-widget-container\">\n\t\t\t\t\t\t\t<ul class=\"elementor-icon-list-items\">\n\t\t\t\t\t\t\t<li class=\"elementor-icon-list-item\">\n\t\t\t\t\t\t\t\t\t\t\t<a href=\"http:\/\/www.ufolep78.org\u200b\">\n\n\t\t\t\t\t\t\t\t\t\t\t\t<span class=\"elementor-icon-list-icon\">\n\t\t\t\t\t\t\t<i aria-hidden=\"true\" class=\"fas fa-globe\"><\/i>\t\t\t\t\t\t<\/span>\n\t\t\t\t\t\t\t\t\t\t<span class=\"elementor-icon-list-text\">www.laligue78.org<\/span>\n\t\t\t\t\t\t\t\t\t\t\t<\/a>\n\t\t\t\t\t\t\t\t\t<\/li>\n\t\t\t\t\t\t\t\t<li class=\"elementor-icon-list-item\">\n\t\t\t\t\t\t\t\t\t\t\t<a href=\"http:\/\/contact@ufolep78.org\u200b\">\n\n\t\t\t\t\t\t\t\t\t\t\t\t<span class=\"elementor-icon-list-icon\">\n\t\t\t\t\t\t\t<i aria-hidden=\"true\" class=\"fas fa-at\"><\/i>\t\t\t\t\t\t<\/span>\n\t\t\t\t\t\t\t\t\t\t<span class=\"elementor-icon-list-text\">contact@laligue78.org<\/span>\n\t\t\t\t\t\t\t\t\t\t\t<\/a>\n\t\t\t\t\t\t\t\t\t<\/li>\n\t\t\t\t\t\t<\/ul>\n\t\t\t\t\t\t<\/div>\n\t\t\t\t<\/div>\n\t\t\t\t\t<\/div>\n\t\t<\/div>\n\t\t\t\t\t<\/div>\n\t\t<\/section>\n\t\t\t\t\t<\/div>\n\t\t<\/div>\n\t\t\t\t\t<\/div>\n\t\t<\/section>\n\t\t\t\t<\/div>\n\t\t","protected":false},"excerpt":{"rendered":"<p>Formation continue des professionnels de l&rsquo;animation et de l&rsquo;action sociale FORMATIONS DES PROFESSIONNELS La F\u00e9d\u00e9ration Yvelinoise, sous l&rsquo;\u00e9gide de la CAF et de la Pr\u00e9fecture des Yvelines, propose des formations en direction des\u00a0professionnels de l&rsquo;\u00e9ducation et du milieu associatif. Elle forme \u00e9galement les accompagnateurs et accompagnatrices du\u00a0Contrat Local d&rsquo;Accompagnement \u00e0 la Scolarit\u00e9. Nous d\u00e9veloppons des&#8230;<\/p>\n","protected":false},"author":3,"featured_media":0,"parent":0,"menu_order":0,"comment_status":"closed","ping_status":"closed","template":"","meta":{"_kad_post_transparent":"","_kad_post_title":"hide","_kad_post_layout":"fullwidth","_kad_post_sidebar_id":"","_kad_post_content_style":"unboxed","_kad_post_vertical_padding":"hide","_kad_post_feature":"hide","_kad_post_feature_position":"","_kad_post_header":false,"_kad_post_footer":false,"_kad_post_classname":"","footnotes":""},"class_list":["post-9141","page","type-page","status-publish","hentry"],"yoast_head":"<!-- This site is optimized with the Yoast SEO plugin v27.2 - https:\/\/yoast.com\/product\/yoast-seo-wordpress\/ -->\n<title>Formation continue des animateurs -<\/title>\n<meta name=\"robots\" content=\"index, follow, max-snippet:-1, max-image-preview:large, max-video-preview:-1\" \/>\n<link rel=\"canonical\" href=\"https:\/\/laligue78.org\/index.php\/formation-continue-des-animateurs\/\" \/>\n<meta property=\"og:locale\" content=\"fr_FR\" \/>\n<meta property=\"og:type\" content=\"article\" \/>\n<meta property=\"og:title\" content=\"Formation continue des animateurs -\" \/>\n<meta property=\"og:description\" content=\"Formation continue des professionnels de l&rsquo;animation et de l&rsquo;action sociale FORMATIONS DES PROFESSIONNELS La F\u00e9d\u00e9ration Yvelinoise, sous l&rsquo;\u00e9gide de la CAF et de la Pr\u00e9fecture des Yvelines, propose des formations en direction des\u00a0professionnels de l&rsquo;\u00e9ducation et du milieu associatif. Elle forme \u00e9galement les accompagnateurs et accompagnatrices du\u00a0Contrat Local d&rsquo;Accompagnement \u00e0 la Scolarit\u00e9. Nous d\u00e9veloppons des...\" \/>\n<meta property=\"og:url\" content=\"https:\/\/laligue78.org\/index.php\/formation-continue-des-animateurs\/\" \/>\n<meta property=\"article:modified_time\" content=\"2024-04-16T14:59:59+00:00\" \/>\n<meta property=\"og:image\" content=\"https:\/\/laligue78.org\/wp-content\/uploads\/2024\/04\/YIJ-102023-768x576.jpeg\" \/>\n<meta name=\"twitter:card\" content=\"summary_large_image\" \/>\n<meta name=\"twitter:label1\" content=\"Dur\u00e9e de lecture estim\u00e9e\" \/>\n\t<meta name=\"twitter:data1\" content=\"1 minute\" \/>\n<script type=\"application\/ld+json\" class=\"yoast-schema-graph\">{\"@context\":\"https:\/\/schema.org\",\"@graph\":[{\"@type\":\"WebPage\",\"@id\":\"https:\/\/laligue78.org\/index.php\/formation-continue-des-animateurs\/\",\"url\":\"https:\/\/laligue78.org\/index.php\/formation-continue-des-animateurs\/\",\"name\":\"Formation continue des animateurs -\",\"isPartOf\":{\"@id\":\"https:\/\/laligue78.org\/#website\"},\"primaryImageOfPage\":{\"@id\":\"https:\/\/laligue78.org\/index.php\/formation-continue-des-animateurs\/#primaryimage\"},\"image\":{\"@id\":\"https:\/\/laligue78.org\/index.php\/formation-continue-des-animateurs\/#primaryimage\"},\"thumbnailUrl\":\"https:\/\/laligue78.org\/wp-content\/uploads\/2024\/04\/YIJ-102023-768x576.jpeg\",\"datePublished\":\"2023-09-26T11:19:23+00:00\",\"dateModified\":\"2024-04-16T14:59:59+00:00\",\"breadcrumb\":{\"@id\":\"https:\/\/laligue78.org\/index.php\/formation-continue-des-animateurs\/#breadcrumb\"},\"inLanguage\":\"fr-FR\",\"potentialAction\":[{\"@type\":\"ReadAction\",\"target\":[\"https:\/\/laligue78.org\/index.php\/formation-continue-des-animateurs\/\"]}]},{\"@type\":\"ImageObject\",\"inLanguage\":\"fr-FR\",\"@id\":\"https:\/\/laligue78.org\/index.php\/formation-continue-des-animateurs\/#primaryimage\",\"url\":\"https:\/\/laligue78.org\/wp-content\/uploads\/2024\/04\/YIJ-102023.jpeg\",\"contentUrl\":\"https:\/\/laligue78.org\/wp-content\/uploads\/2024\/04\/YIJ-102023.jpeg\",\"width\":1653,\"height\":1240},{\"@type\":\"BreadcrumbList\",\"@id\":\"https:\/\/laligue78.org\/index.php\/formation-continue-des-animateurs\/#breadcrumb\",\"itemListElement\":[{\"@type\":\"ListItem\",\"position\":1,\"name\":\"Accueil\",\"item\":\"https:\/\/laligue78.org\/\"},{\"@type\":\"ListItem\",\"position\":2,\"name\":\"Formation continue des animateurs\"}]},{\"@type\":\"WebSite\",\"@id\":\"https:\/\/laligue78.org\/#website\",\"url\":\"https:\/\/laligue78.org\/\",\"name\":\"\",\"description\":\"S&#039;associer est une force ! \",\"potentialAction\":[{\"@type\":\"SearchAction\",\"target\":{\"@type\":\"EntryPoint\",\"urlTemplate\":\"https:\/\/laligue78.org\/?s={search_term_string}\"},\"query-input\":{\"@type\":\"PropertyValueSpecification\",\"valueRequired\":true,\"valueName\":\"search_term_string\"}}],\"inLanguage\":\"fr-FR\"}]}<\/script>\n<!-- \/ Yoast SEO plugin. -->","yoast_head_json":{"title":"Formation continue des animateurs -","robots":{"index":"index","follow":"follow","max-snippet":"max-snippet:-1","max-image-preview":"max-image-preview:large","max-video-preview":"max-video-preview:-1"},"canonical":"https:\/\/laligue78.org\/index.php\/formation-continue-des-animateurs\/","og_locale":"fr_FR","og_type":"article","og_title":"Formation continue des animateurs -","og_description":"Formation continue des professionnels de l&rsquo;animation et de l&rsquo;action sociale FORMATIONS DES PROFESSIONNELS La F\u00e9d\u00e9ration Yvelinoise, sous l&rsquo;\u00e9gide de la CAF et de la Pr\u00e9fecture des Yvelines, propose des formations en direction des\u00a0professionnels de l&rsquo;\u00e9ducation et du milieu associatif. Elle forme \u00e9galement les accompagnateurs et accompagnatrices du\u00a0Contrat Local d&rsquo;Accompagnement \u00e0 la Scolarit\u00e9. Nous d\u00e9veloppons des...","og_url":"https:\/\/laligue78.org\/index.php\/formation-continue-des-animateurs\/","article_modified_time":"2024-04-16T14:59:59+00:00","og_image":[{"url":"https:\/\/laligue78.org\/wp-content\/uploads\/2024\/04\/YIJ-102023-768x576.jpeg","type":"","width":"","height":""}],"twitter_card":"summary_large_image","twitter_misc":{"Dur\u00e9e de lecture estim\u00e9e":"1 minute"},"schema":{"@context":"https:\/\/schema.org","@graph":[{"@type":"WebPage","@id":"https:\/\/laligue78.org\/index.php\/formation-continue-des-animateurs\/","url":"https:\/\/laligue78.org\/index.php\/formation-continue-des-animateurs\/","name":"Formation continue des animateurs -","isPartOf":{"@id":"https:\/\/laligue78.org\/#website"},"primaryImageOfPage":{"@id":"https:\/\/laligue78.org\/index.php\/formation-continue-des-animateurs\/#primaryimage"},"image":{"@id":"https:\/\/laligue78.org\/index.php\/formation-continue-des-animateurs\/#primaryimage"},"thumbnailUrl":"https:\/\/laligue78.org\/wp-content\/uploads\/2024\/04\/YIJ-102023-768x576.jpeg","datePublished":"2023-09-26T11:19:23+00:00","dateModified":"2024-04-16T14:59:59+00:00","breadcrumb":{"@id":"https:\/\/laligue78.org\/index.php\/formation-continue-des-animateurs\/#breadcrumb"},"inLanguage":"fr-FR","potentialAction":[{"@type":"ReadAction","target":["https:\/\/laligue78.org\/index.php\/formation-continue-des-animateurs\/"]}]},{"@type":"ImageObject","inLanguage":"fr-FR","@id":"https:\/\/laligue78.org\/index.php\/formation-continue-des-animateurs\/#primaryimage","url":"https:\/\/laligue78.org\/wp-content\/uploads\/2024\/04\/YIJ-102023.jpeg","contentUrl":"https:\/\/laligue78.org\/wp-content\/uploads\/2024\/04\/YIJ-102023.jpeg","width":1653,"height":1240},{"@type":"BreadcrumbList","@id":"https:\/\/laligue78.org\/index.php\/formation-continue-des-animateurs\/#breadcrumb","itemListElement":[{"@type":"ListItem","position":1,"name":"Accueil","item":"https:\/\/laligue78.org\/"},{"@type":"ListItem","position":2,"name":"Formation continue des animateurs"}]},{"@type":"WebSite","@id":"https:\/\/laligue78.org\/#website","url":"https:\/\/laligue78.org\/","name":"","description":"S&#039;associer est une force ! ","potentialAction":[{"@type":"SearchAction","target":{"@type":"EntryPoint","urlTemplate":"https:\/\/laligue78.org\/?s={search_term_string}"},"query-input":{"@type":"PropertyValueSpecification","valueRequired":true,"valueName":"search_term_string"}}],"inLanguage":"fr-FR"}]}},"_links":{"self":[{"href":"https:\/\/laligue78.org\/index.php\/wp-json\/wp\/v2\/pages\/9141","targetHints":{"allow":["GET"]}}],"collection":[{"href":"https:\/\/laligue78.org\/index.php\/wp-json\/wp\/v2\/pages"}],"about":[{"href":"https:\/\/laligue78.org\/index.php\/wp-json\/wp\/v2\/types\/page"}],"author":[{"embeddable":true,"href":"https:\/\/laligue78.org\/index.php\/wp-json\/wp\/v2\/users\/3"}],"replies":[{"embeddable":true,"href":"https:\/\/laligue78.org\/index.php\/wp-json\/wp\/v2\/comments?post=9141"}],"version-history":[{"count":13,"href":"https:\/\/laligue78.org\/index.php\/wp-json\/wp\/v2\/pages\/9141\/revisions"}],"predecessor-version":[{"id":9270,"href":"https:\/\/laligue78.org\/index.php\/wp-json\/wp\/v2\/pages\/9141\/revisions\/9270"}],"wp:attachment":[{"href":"https:\/\/laligue78.org\/index.php\/wp-json\/wp\/v2\/media?parent=9141"}],"curies":[{"name":"wp","href":"https:\/\/api.w.org\/{rel}","templated":true}]}}